{"id":100,"date":"2020-09-01T19:01:42","date_gmt":"2020-09-01T19:01:42","guid":{"rendered":"http:\/\/wordpress.a-bothmann.de\/?page_id=100"},"modified":"2025-11-14T17:50:17","modified_gmt":"2025-11-14T17:50:17","slug":"kollegium","status":"publish","type":"page","link":"https:\/\/www.ggs-oberforstbach.de\/index.php\/kollegium\/","title":{"rendered":"Kollegium"},"content":{"rendered":"\n<h1 class=\"wp-block-heading\">Kollegium<\/h1>\n\n\n\n<p>An unserer Schule sind insgesamt 36 Mitarbeiter regelm\u00e4\u00dfig um das Wohl der Kinder bem\u00fcht.<\/p>\n\n\n\n<p>Das sind 13 Lehrkr\u00e4fte, eine Schulsozialarbeiterin, 14 p\u00e4dagogische Mitarbeiterinnen in der OGS, eine Schulsekret\u00e4rin und ein Hausmeister. Zus\u00e4tzlich gibt es in wechselnder Anzahl JutE-Helfer, ehrenamtliche Helfer und Kursleiter, die uns unterst\u00fctzen und unsere Kinder f\u00f6rdern und fordern.<\/p>\n\n\n\n<figure class=\"wp-block-image size-large\"><img loading=\"lazy\" decoding=\"async\" width=\"1024\" height=\"768\" src=\"https:\/\/www.ggs-oberforstbach.de\/wp-content\/uploads\/2022\/08\/Kollegium_22-1024x768.jpg\" alt=\"\" class=\"wp-image-2065\" srcset=\"https:\/\/www.ggs-oberforstbach.de\/wp-content\/uploads\/2022\/08\/Kollegium_22-1024x768.jpg 1024w, https:\/\/www.ggs-oberforstbach.de\/wp-content\/uploads\/2022\/08\/Kollegium_22-300x225.jpg 300w, https:\/\/www.ggs-oberforstbach.de\/wp-content\/uploads\/2022\/08\/Kollegium_22-768x576.jpg 768w, https:\/\/www.ggs-oberforstbach.de\/wp-content\/uploads\/2022\/08\/Kollegium_22-1536x1152.jpg 1536w, https:\/\/www.ggs-oberforstbach.de\/wp-content\/uploads\/2022\/08\/Kollegium_22-2048x1536.jpg 2048w\" sizes=\"auto, (max-width: 1024px) 100vw, 1024px\" \/><\/figure>\n\n\n\n<p><\/p>\n","protected":false},"excerpt":{"rendered":"<p>Kollegium An unserer Schule sind insgesamt 36 Mitarbeiter regelm\u00e4\u00dfig um das Wohl der Kinder bem\u00fcht. Das sind 13 Lehrkr\u00e4fte, eine Schulsozialarbeiterin, 14 p\u00e4dagogische Mitarbeiterinnen in der OGS, eine Schulsekret\u00e4rin und ein Hausmeister. Zus\u00e4tzlich gibt es in wechselnder Anzahl JutE-Helfer, ehrenamtliche Helfer und Kursleiter, die uns unterst\u00fctzen und unsere Kinder f\u00f6rdern und fordern.<\/p>\n","protected":false},"author":1,"featured_media":0,"parent":0,"menu_order":1,"comment_status":"closed","ping_status":"closed","template":"","meta":{"footnotes":""},"class_list":["post-100","page","type-page","status-publish","hentry","entry"],"_links":{"self":[{"href":"https:\/\/www.ggs-oberforstbach.de\/index.php\/wp-json\/wp\/v2\/pages\/100","targetHints":{"allow":["GET"]}}],"collection":[{"href":"https:\/\/www.ggs-oberforstbach.de\/index.php\/wp-json\/wp\/v2\/pages"}],"about":[{"href":"https:\/\/www.ggs-oberforstbach.de\/index.php\/wp-json\/wp\/v2\/types\/page"}],"author":[{"embeddable":true,"href":"https:\/\/www.ggs-oberforstbach.de\/index.php\/wp-json\/wp\/v2\/users\/1"}],"replies":[{"embeddable":true,"href":"https:\/\/www.ggs-oberforstbach.de\/index.php\/wp-json\/wp\/v2\/comments?post=100"}],"version-history":[{"count":2,"href":"https:\/\/www.ggs-oberforstbach.de\/index.php\/wp-json\/wp\/v2\/pages\/100\/revisions"}],"predecessor-version":[{"id":2677,"href":"https:\/\/www.ggs-oberforstbach.de\/index.php\/wp-json\/wp\/v2\/pages\/100\/revisions\/2677"}],"wp:attachment":[{"href":"https:\/\/www.ggs-oberforstbach.de\/index.php\/wp-json\/wp\/v2\/media?parent=100"}],"curies":[{"name":"wp","href":"https:\/\/api.w.org\/{rel}","templated":true}]}}