{"id":1028,"date":"2020-12-01T11:00:04","date_gmt":"2020-12-01T11:00:04","guid":{"rendered":"https:\/\/dev.ggs-oberforstbach.de\/?page_id=1028"},"modified":"2025-12-02T08:10:44","modified_gmt":"2025-12-02T08:10:44","slug":"mittagessen","status":"publish","type":"page","link":"https:\/\/www.ggs-oberforstbach.de\/index.php\/mittagessen\/","title":{"rendered":"Mittagessen"},"content":{"rendered":"\n<p>Mittagessen<\/p>\n\n\n\n<p>Das Mittagessen wird t\u00e4glich frisch zubereitet von der Werkskantine Schumag, dabei wird auf eine ausgewogene und gesunde Ern\u00e4hrung nach den Richtlinien f\u00fcr Schulverpflegung der Deutschen Gesellschaft f\u00fcr Ern\u00e4hrung geachtet.                     Organisatorische Informationen zum Mittagessen und Abrechnung des Essens erfolgt \u00fcber Kitafino.<\/p>\n\n\n\n<p><\/p>\n\n\n\n<p>(Hinweis: Ein Auf- oder Erw\u00e4rmen mitgebrachter Speisen in der Mensa ist aufgrund der Hygieneverordnung nicht zul\u00e4ssig.)<\/p>\n\n\n\n<p>Der Elternanteil f\u00fcr Obst (zwei Nachmittagen\/Woche) und Wasser mit und ohne Kohlens\u00e4ure betr\u00e4gt einmalig 25 \u20ac im Schuljahr 2025\/26.<\/p>\n\n\n\n<p><\/p>\n\n\n\n<p><\/p>\n","protected":false},"excerpt":{"rendered":"<p>Mittagessen Das Mittagessen wird t\u00e4glich frisch zubereitet von der Werkskantine Schumag, dabei wird auf eine ausgewogene und gesunde Ern\u00e4hrung nach den Richtlinien f\u00fcr Schulverpflegung der Deutschen Gesellschaft f\u00fcr Ern\u00e4hrung geachtet. Organisatorische Informationen zum Mittagessen und Abrechnung des Essens erfolgt \u00fcber Kitafino. (Hinweis: Ein Auf- oder Erw\u00e4rmen mitgebrachter Speisen in der Mensa ist aufgrund der Hygieneverordnung [&hellip;]<\/p>\n","protected":false},"author":1,"featured_media":1345,"parent":0,"menu_order":0,"comment_status":"closed","ping_status":"closed","template":"","meta":{"footnotes":""},"class_list":["post-1028","page","type-page","status-publish","has-post-thumbnail","hentry","entry","has-media"],"_links":{"self":[{"href":"https:\/\/www.ggs-oberforstbach.de\/index.php\/wp-json\/wp\/v2\/pages\/1028","targetHints":{"allow":["GET"]}}],"collection":[{"href":"https:\/\/www.ggs-oberforstbach.de\/index.php\/wp-json\/wp\/v2\/pages"}],"about":[{"href":"https:\/\/www.ggs-oberforstbach.de\/index.php\/wp-json\/wp\/v2\/types\/page"}],"author":[{"embeddable":true,"href":"https:\/\/www.ggs-oberforstbach.de\/index.php\/wp-json\/wp\/v2\/users\/1"}],"replies":[{"embeddable":true,"href":"https:\/\/www.ggs-oberforstbach.de\/index.php\/wp-json\/wp\/v2\/comments?post=1028"}],"version-history":[{"count":148,"href":"https:\/\/www.ggs-oberforstbach.de\/index.php\/wp-json\/wp\/v2\/pages\/1028\/revisions"}],"predecessor-version":[{"id":2701,"href":"https:\/\/www.ggs-oberforstbach.de\/index.php\/wp-json\/wp\/v2\/pages\/1028\/revisions\/2701"}],"wp:featuredmedia":[{"embeddable":true,"href":"https:\/\/www.ggs-oberforstbach.de\/index.php\/wp-json\/wp\/v2\/media\/1345"}],"wp:attachment":[{"href":"https:\/\/www.ggs-oberforstbach.de\/index.php\/wp-json\/wp\/v2\/media?parent=1028"}],"curies":[{"name":"wp","href":"https:\/\/api.w.org\/{rel}","templated":true}]}}