{"id":1096,"date":"2020-12-01T12:36:01","date_gmt":"2020-12-01T12:36:01","guid":{"rendered":"https:\/\/dev.ggs-oberforstbach.de\/?page_id=1096"},"modified":"2025-12-10T18:24:58","modified_gmt":"2025-12-10T18:24:58","slug":"streitschlichter","status":"publish","type":"page","link":"https:\/\/www.ggs-oberforstbach.de\/index.php\/streitschlichter\/","title":{"rendered":"Streitschlichter"},"content":{"rendered":"\n<h1 class=\"wp-block-heading\">Streitschlichter<\/h1>\n\n\n\n<p><\/p>\n\n\n\n<p>Zehn Kinder der dritten Klassen werden ein Jahr lang zu Streitschlichtern ausgebildet. Daf\u00fcr arbeiten sie an ausgedachten Streitf\u00e4llen. Das ist manchmal ganz sch\u00f6n anstrengend.<\/p>\n\n\n\n<p>In der Ausbildung lernt man, wie man Streit schlichtet. Wir haben f\u00fcnf Schritte in unserer Streitschlichtung, die die Streitenden durchlaufen m\u00fcssen, um zu einer Einigung zu kommen:<\/p>\n\n\n\n<p>Schritt 1: Wir vereinbaren Regeln<\/p>\n\n\n\n<p>Schritt 2: Ich erz\u00e4hle meine Geschichte<\/p>\n\n\n\n<p>Schritt 3: Ich versuche den anderen zu verstehen<\/p>\n\n\n\n<p>Schritt 4: Wir \u00fcberlegen uns L\u00f6sungen<\/p>\n\n\n\n<p>Schritt 5: Wir vertragen uns wieder<\/p>\n\n\n\n<p>Ziel der Streitschlichtung ist, beide Streith\u00e4hne als Gewinner raus zu lassen.<\/p>\n\n\n\n<p>Wenn die Streitschlichter in der vierten Klassen sind, gehen sie in der Pause mit den roten Kappen \u00fcber den Schulhof und gucken nach Streitenden. Wenn sie streitende Kinder finden, dann nehmen sie die Kinder mit in den Streitschlichterraum und helfen ihnen dort, den Streit zu l\u00f6sen.<\/p>\n\n\n\n<p><\/p>\n\n\n\n<p><\/p>\n\n\n\n<p><\/p>\n","protected":false},"excerpt":{"rendered":"<p>Streitschlichter Zehn Kinder der dritten Klassen werden ein Jahr lang zu Streitschlichtern ausgebildet. Daf\u00fcr arbeiten sie an ausgedachten Streitf\u00e4llen. Das ist manchmal ganz sch\u00f6n anstrengend. In der Ausbildung lernt man, wie man Streit schlichtet. Wir haben f\u00fcnf Schritte in unserer Streitschlichtung, die die Streitenden durchlaufen m\u00fcssen, um zu einer Einigung zu kommen: Schritt 1: Wir [&hellip;]<\/p>\n","protected":false},"author":1,"featured_media":0,"parent":0,"menu_order":0,"comment_status":"closed","ping_status":"closed","template":"","meta":{"footnotes":""},"class_list":["post-1096","page","type-page","status-publish","hentry","entry"],"_links":{"self":[{"href":"https:\/\/www.ggs-oberforstbach.de\/index.php\/wp-json\/wp\/v2\/pages\/1096","targetHints":{"allow":["GET"]}}],"collection":[{"href":"https:\/\/www.ggs-oberforstbach.de\/index.php\/wp-json\/wp\/v2\/pages"}],"about":[{"href":"https:\/\/www.ggs-oberforstbach.de\/index.php\/wp-json\/wp\/v2\/types\/page"}],"author":[{"embeddable":true,"href":"https:\/\/www.ggs-oberforstbach.de\/index.php\/wp-json\/wp\/v2\/users\/1"}],"replies":[{"embeddable":true,"href":"https:\/\/www.ggs-oberforstbach.de\/index.php\/wp-json\/wp\/v2\/comments?post=1096"}],"version-history":[{"count":4,"href":"https:\/\/www.ggs-oberforstbach.de\/index.php\/wp-json\/wp\/v2\/pages\/1096\/revisions"}],"predecessor-version":[{"id":2735,"href":"https:\/\/www.ggs-oberforstbach.de\/index.php\/wp-json\/wp\/v2\/pages\/1096\/revisions\/2735"}],"wp:attachment":[{"href":"https:\/\/www.ggs-oberforstbach.de\/index.php\/wp-json\/wp\/v2\/media?parent=1096"}],"curies":[{"name":"wp","href":"https:\/\/api.w.org\/{rel}","templated":true}]}}