{"id":111,"date":"2020-09-01T19:06:42","date_gmt":"2020-09-01T19:06:42","guid":{"rendered":"http:\/\/wordpress.a-bothmann.de\/?page_id=111"},"modified":"2025-12-02T08:18:15","modified_gmt":"2025-12-02T08:18:15","slug":"uebermittagsbetreuung","status":"publish","type":"page","link":"https:\/\/www.ggs-oberforstbach.de\/index.php\/uebermittagsbetreuung\/","title":{"rendered":"\u00dcbermittagsbetreuung"},"content":{"rendered":"\n<h2 class=\"wp-block-heading\">\u00dcbermittagsbetreuung (\u00dcMI)<\/h2>\n\n\n\n<p><strong><u>Konzept der \u00dcbermittagsbetreuung <\/u><\/strong><\/p>\n\n\n\n<p class=\"has-medium-font-size\">Entlastung der Eltern<\/p>\n\n\n\n<p>An unserer Schule ist die \u00dcbermittagsbetreuung nach Beschluss der Schulkonferenz neben der OGS Teil des schulischen Betreuungskonzeptes. Eltern, die sich bewusst f\u00fcr eine berufliche Halbtagst\u00e4tigkeit entscheiden, wollen wir mit unserem Angebot die M\u00f6glichkeit geben, ihre Kinder gesichert bis 14:00 Uhr versorgt zu wissen.<\/p>\n\n\n\n<p>Jede Betreuungsgruppe besteht aus OGS- und Mittagsbetreuungskindern der 1. bis 4. Klasse.<\/p>\n\n\n\n<p class=\"has-medium-font-size\">Angebote<\/p>\n\n\n\n<p>Die Kinder erhalten Anregungen zum Werken, Basteln und Malen oder sind auf dem Schulhof bewegungsaktiv. Der Schwerpunkt der Betreuung liegt in der Anleitung der Kinder zum k\u00fcnstlerischen und handwerklichen Gestalten. Daf\u00fcr stehen den Kindern die unterschiedlichsten Materialien zur Verf\u00fcgung. Die Teilnahme am Fl\u00f6ten- oder Gitarrenunterricht der Musikschule N\u00fctheim-Schleckheim ist m\u00f6glich. Anfallende Kosten \u00fcbernehmen dabei die Eltern.&nbsp;<\/p>\n\n\n\n<p class=\"has-medium-font-size\">R\u00e4ume<\/p>\n\n\n\n<p>Die \u00dcbermittagsbetreuung nutzt gemeinsam mit der OGS die Betreuungsr\u00e4ume im Untergeschoss.<\/p>\n\n\n\n<p class=\"has-medium-font-size\">Verl\u00e4ssliche Betreuung<\/p>\n\n\n\n<p>Bei Unterrichtsausfall und an Ganztagsbetreuungstagen (P\u00e4dagogische Konferenz, Fortbildung, \u2026) garantieren wir eine gesicherte Betreuung in der Zeit von 8:00 \u2013 14:00 Uhr. An Ganztagsbetreuungstagen gibt es ein gesondertes Programm mit Ausfl\u00fcgen und speziellen Angeboten.<\/p>\n\n\n\n<p class=\"has-medium-font-size\">Abholzeiten<\/p>\n\n\n\n<p>F\u00fcr die \u00dcbermittagsbetreuung bestehen gleitende Abholzeiten bis sp\u00e4testens 14:00 Uhr, wodurch eine m\u00f6glichst individuelle und bedarfsgerechte Verweildauer Ihres Kindes in der Schule gew\u00e4hrleistet wird. Um 13:30 Uhr steht ein Schulbus mit Busaufsicht f\u00fcr die Heimfahrt zur Verf\u00fcgung.<\/p>\n\n\n\n<p class=\"has-medium-font-size\">Anmeldung und Kosten<\/p>\n\n\n\n<p>Die Anmeldung f\u00fcr die Mittagsbetreuung gilt f\u00fcr ein ganzes Schuljahr. Die Betreuungskosten k\u00f6nnen steuerlich abgesetzt werden.<\/p>\n\n\n\n<p class=\"has-medium-font-size\">Essen<\/p>\n\n\n\n<p>In der OGS-Mensa nehmen die Kinder ihren mitgebrachten Imbiss ein oder k\u00f6nnen wahlweise auch am warmen Mittagessen teilnehmen.<\/p>\n\n\n\n<p><\/p>\n\n\n\n<p>W\u00fcnschen Sie weitere Informationen, haben Sie Fragen zu unserer Arbeit? Dann nehmen Sie bitte Kontakt zu uns auf:<\/p>\n\n\n\n<p class=\"has-text-align-center\"><strong><u><strong>Kontakt w\u00e4hrend unserer B\u00fcrozeit: Montag&nbsp;\u2013 Freitag 08:30 \u2013 11:30 Uhr:<\/strong><\/u><\/strong><\/p>\n\n\n\n<p class=\"has-text-align-center\">OGS &amp; \u00dcMI Oberforstbach<br>Oberforstbacherstr. 332<br>52076 Aachen<br>Tel. +49 2408 607024<br>E-Mail:&nbsp;<a href=\"mailto:ogs.oberforstbach@invia-aachen.de\" data-type=\"mailto\" data-id=\"mailto:ogs.oberforstbach@invia-aachen.de\">ogs.oberforstbach@invia-aachen.de<\/a><\/p>\n\n\n\n<p class=\"has-text-align-center\"><\/p>\n\n\n\n<p class=\"has-text-align-center\">Unser Kooperationspartner ist IN VIA.<\/p>\n\n\n\n<p class=\"has-text-align-center\"><strong><span class=\"has-inline-color has-black-color\">Tr\u00e4ger der OGS &amp; \u00dcMI:<\/span><\/strong><\/p>\n\n\n\n<p class=\"has-text-align-center\"><a href=\"https:\/\/www.invia-aachen.de\/angebote\/offene-ganztagsschule.html\" data-type=\"URL\" data-id=\"https:\/\/www.invia-aachen.de\/angebote\/offene-ganztagsschule.html\">IN VIA Aachen e.V.<\/a><br>Kath. Verband f\u00fcr Frauen- und M\u00e4dchensozialarbeit<br>Krefelder Str.23<br>52070 Aachen<\/p>\n\n\n\n<p class=\"has-text-align-center\"><\/p>\n\n\n<div class=\"wp-block-image\">\n<figure class=\"aligncenter size-full\"><img loading=\"lazy\" decoding=\"async\" width=\"117\" height=\"103\" src=\"https:\/\/www.ggs-oberforstbach.de\/wp-content\/uploads\/2021\/07\/Bild_IN-VIA-Aachen.jpg\" alt=\"\" class=\"wp-image-1553\"\/><\/figure><\/div>","protected":false},"excerpt":{"rendered":"<p>\u00dcbermittagsbetreuung (\u00dcMI) Konzept der \u00dcbermittagsbetreuung Entlastung der Eltern An unserer Schule ist die \u00dcbermittagsbetreuung nach Beschluss der Schulkonferenz neben der OGS Teil des schulischen Betreuungskonzeptes. Eltern, die sich bewusst f\u00fcr eine berufliche Halbtagst\u00e4tigkeit entscheiden, wollen wir mit unserem Angebot die M\u00f6glichkeit geben, ihre Kinder gesichert bis 14:00 Uhr versorgt zu wissen. Jede Betreuungsgruppe besteht aus [&hellip;]<\/p>\n","protected":false},"author":5,"featured_media":0,"parent":0,"menu_order":0,"comment_status":"closed","ping_status":"closed","template":"","meta":{"footnotes":""},"class_list":["post-111","page","type-page","status-publish","hentry","entry"],"_links":{"self":[{"href":"https:\/\/www.ggs-oberforstbach.de\/index.php\/wp-json\/wp\/v2\/pages\/111","targetHints":{"allow":["GET"]}}],"collection":[{"href":"https:\/\/www.ggs-oberforstbach.de\/index.php\/wp-json\/wp\/v2\/pages"}],"about":[{"href":"https:\/\/www.ggs-oberforstbach.de\/index.php\/wp-json\/wp\/v2\/types\/page"}],"author":[{"embeddable":true,"href":"https:\/\/www.ggs-oberforstbach.de\/index.php\/wp-json\/wp\/v2\/users\/5"}],"replies":[{"embeddable":true,"href":"https:\/\/www.ggs-oberforstbach.de\/index.php\/wp-json\/wp\/v2\/comments?post=111"}],"version-history":[{"count":28,"href":"https:\/\/www.ggs-oberforstbach.de\/index.php\/wp-json\/wp\/v2\/pages\/111\/revisions"}],"predecessor-version":[{"id":2708,"href":"https:\/\/www.ggs-oberforstbach.de\/index.php\/wp-json\/wp\/v2\/pages\/111\/revisions\/2708"}],"wp:attachment":[{"href":"https:\/\/www.ggs-oberforstbach.de\/index.php\/wp-json\/wp\/v2\/media?parent=111"}],"curies":[{"name":"wp","href":"https:\/\/api.w.org\/{rel}","templated":true}]}}