{"id":117,"date":"2020-09-01T19:12:28","date_gmt":"2020-09-01T19:12:28","guid":{"rendered":"http:\/\/wordpress.a-bothmann.de\/?page_id=117"},"modified":"2021-07-01T16:21:02","modified_gmt":"2021-07-01T16:21:02","slug":"kooperationspartner","status":"publish","type":"page","link":"https:\/\/www.ggs-oberforstbach.de\/index.php\/kooperationspartner\/","title":{"rendered":"Kooperationspartner"},"content":{"rendered":"\n<h2 class=\"wp-block-heading\">Kooperationspartner<\/h2>\n\n\n\n<p>Wir m\u00f6chten unsere Arbeit, das Schulleben und die Weiterentwicklung unserer Schule verbinden mit der \u00d6ffnung der Schule und der Kooperation mit au\u00dferschulischen Partnern.<\/p>\n\n\n\n<p>Das Schulleben, unsere p\u00e4dagogische Arbeit und die besonderen Projekte unserer Schule sind eng verkn\u00fcpft mit den Kooperationspartnern, die unsere Arbeit mit den Kindern unterst\u00fctzen und bereichern.<\/p>\n\n\n\n<p><\/p>\n","protected":false},"excerpt":{"rendered":"<p>Kooperationspartner Wir m\u00f6chten unsere Arbeit, das Schulleben und die Weiterentwicklung unserer Schule verbinden mit der \u00d6ffnung der Schule und der Kooperation mit au\u00dferschulischen Partnern. Das Schulleben, unsere p\u00e4dagogische Arbeit und die besonderen Projekte unserer Schule sind eng verkn\u00fcpft mit den Kooperationspartnern, die unsere Arbeit mit den Kindern unterst\u00fctzen und bereichern.<\/p>\n","protected":false},"author":1,"featured_media":0,"parent":0,"menu_order":0,"comment_status":"closed","ping_status":"closed","template":"","meta":{"footnotes":""},"class_list":["post-117","page","type-page","status-publish","hentry","entry"],"_links":{"self":[{"href":"https:\/\/www.ggs-oberforstbach.de\/index.php\/wp-json\/wp\/v2\/pages\/117","targetHints":{"allow":["GET"]}}],"collection":[{"href":"https:\/\/www.ggs-oberforstbach.de\/index.php\/wp-json\/wp\/v2\/pages"}],"about":[{"href":"https:\/\/www.ggs-oberforstbach.de\/index.php\/wp-json\/wp\/v2\/types\/page"}],"author":[{"embeddable":true,"href":"https:\/\/www.ggs-oberforstbach.de\/index.php\/wp-json\/wp\/v2\/users\/1"}],"replies":[{"embeddable":true,"href":"https:\/\/www.ggs-oberforstbach.de\/index.php\/wp-json\/wp\/v2\/comments?post=117"}],"version-history":[{"count":2,"href":"https:\/\/www.ggs-oberforstbach.de\/index.php\/wp-json\/wp\/v2\/pages\/117\/revisions"}],"predecessor-version":[{"id":1466,"href":"https:\/\/www.ggs-oberforstbach.de\/index.php\/wp-json\/wp\/v2\/pages\/117\/revisions\/1466"}],"wp:attachment":[{"href":"https:\/\/www.ggs-oberforstbach.de\/index.php\/wp-json\/wp\/v2\/media?parent=117"}],"curies":[{"name":"wp","href":"https:\/\/api.w.org\/{rel}","templated":true}]}}