{"id":122,"date":"2020-09-01T19:18:25","date_gmt":"2020-09-01T19:18:25","guid":{"rendered":"http:\/\/wordpress.a-bothmann.de\/?page_id=122"},"modified":"2024-01-17T09:47:17","modified_gmt":"2024-01-17T09:47:17","slug":"aktuelles","status":"publish","type":"page","link":"https:\/\/www.ggs-oberforstbach.de\/index.php\/aktuelles\/","title":{"rendered":"Schulleben"},"content":{"rendered":"\n<p><\/p>\n\n\n\n<p><strong>Running for Kids \u2013 Peter Borsdorff zu Besuch in der Schule<\/strong><\/p>\n\n\n\n<p>Bei der Martinssammlung 2023 haben die Kinder der dritten und vierten Schuljahre Spenden in H\u00f6he von 1646 Euro f\u00fcr das Projekt \u201eRunning for Kids\u201c von Peter Borsdorff gesammelt, mit dem bed\u00fcrftige Kinder in der Region unterst\u00fctzt werden.<\/p>\n\n\n\n<p>Peter Borsdorff freute sich sehr \u00fcber diese gro\u00dfartige Hilfe und Unterst\u00fctzung der Kinder und kam pers\u00f6nlich mit seiner Sammelb\u00fcchse \u2013 einen ehemaligen Laufschuh &#8211; in die Schule, um den Kindern f\u00fcr ihren Einsatz zu danken.<\/p>\n\n\n\n<p>Wir hatten eine sehr ber\u00fchrende pers\u00f6nliche Begegnung mit Peter Borsdorff und die Kinder nahmen sichtlich Anteil an den bewegenden Schicksalen anderer Kinder, denen die Spenden von \u201eRunning for Kids\u201c helfen, ihre Not zu lindern.<\/p>\n\n\n\n<p>Allen Spendern sagen wir auch im Namen von Peter Borsdorff nochmals herzlichen Dank.<\/p>\n\n\n\n<p><\/p>\n\n\n\n<figure class=\"wp-block-image size-large\"><img loading=\"lazy\" decoding=\"async\" width=\"1024\" height=\"846\" src=\"https:\/\/www.ggs-oberforstbach.de\/wp-content\/uploads\/2024\/01\/Borsdorff_5-1024x846.jpg\" alt=\"\" class=\"wp-image-2551\" srcset=\"https:\/\/www.ggs-oberforstbach.de\/wp-content\/uploads\/2024\/01\/Borsdorff_5-1024x846.jpg 1024w, https:\/\/www.ggs-oberforstbach.de\/wp-content\/uploads\/2024\/01\/Borsdorff_5-300x248.jpg 300w, https:\/\/www.ggs-oberforstbach.de\/wp-content\/uploads\/2024\/01\/Borsdorff_5-768x634.jpg 768w, https:\/\/www.ggs-oberforstbach.de\/wp-content\/uploads\/2024\/01\/Borsdorff_5-1536x1269.jpg 1536w, https:\/\/www.ggs-oberforstbach.de\/wp-content\/uploads\/2024\/01\/Borsdorff_5-2048x1692.jpg 2048w\" sizes=\"auto, (max-width: 1024px) 100vw, 1024px\" \/><figcaption>IMG_0060<\/figcaption><\/figure>\n\n\n\n<p><\/p>\n\n\n\n<p><\/p>\n\n\n\n<p><\/p>\n\n\n\n<p><\/p>\n\n\n\n<p><\/p>\n\n\n\n<p><\/p>\n\n\n\n<p><\/p>\n\n\n\n<p style=\"font-size:24px\">Zeichen f\u00fcr den Frieden<\/p>\n\n\n\n<figure class=\"wp-block-gallery columns-2 wp-block-gallery-1 is-layout-flex wp-block-gallery-is-layout-flex\"><ul class=\"blocks-gallery-grid\"><li class=\"blocks-gallery-item\"><figure><img loading=\"lazy\" decoding=\"async\" width=\"388\" height=\"521\" src=\"https:\/\/www.ggs-oberforstbach.de\/wp-content\/uploads\/2022\/03\/Friedenstaubenmit-Text.JPG.png\" alt=\"\" data-id=\"1984\" data-link=\"https:\/\/www.ggs-oberforstbach.de\/index.php\/aktuelles\/friedenstaubenmit-text-jpg\/\" class=\"wp-image-1984\" srcset=\"https:\/\/www.ggs-oberforstbach.de\/wp-content\/uploads\/2022\/03\/Friedenstaubenmit-Text.JPG.png 388w, https:\/\/www.ggs-oberforstbach.de\/wp-content\/uploads\/2022\/03\/Friedenstaubenmit-Text.JPG-223x300.png 223w\" sizes=\"auto, (max-width: 388px) 100vw, 388px\" \/><\/figure><\/li><li class=\"blocks-gallery-item\"><figure><img loading=\"lazy\" decoding=\"async\" width=\"1024\" height=\"576\" src=\"https:\/\/www.ggs-oberforstbach.de\/wp-content\/uploads\/2022\/03\/Peace-Zeichen-1-1024x576.jpg\" alt=\"\" data-id=\"1993\" data-full-url=\"https:\/\/www.ggs-oberforstbach.de\/wp-content\/uploads\/2022\/03\/Peace-Zeichen-1-scaled.jpg\" data-link=\"https:\/\/www.ggs-oberforstbach.de\/index.php\/aktuelles\/dcim101mediadji_0153-jpg-2\/\" class=\"wp-image-1993\" srcset=\"https:\/\/www.ggs-oberforstbach.de\/wp-content\/uploads\/2022\/03\/Peace-Zeichen-1-1024x576.jpg 1024w, https:\/\/www.ggs-oberforstbach.de\/wp-content\/uploads\/2022\/03\/Peace-Zeichen-1-300x169.jpg 300w, https:\/\/www.ggs-oberforstbach.de\/wp-content\/uploads\/2022\/03\/Peace-Zeichen-1-768x432.jpg 768w, https:\/\/www.ggs-oberforstbach.de\/wp-content\/uploads\/2022\/03\/Peace-Zeichen-1-1536x864.jpg 1536w, https:\/\/www.ggs-oberforstbach.de\/wp-content\/uploads\/2022\/03\/Peace-Zeichen-1-2048x1152.jpg 2048w\" sizes=\"auto, (max-width: 1024px) 100vw, 1024px\" \/><\/figure><\/li><\/ul><\/figure>\n\n\n\n<figure class=\"wp-block-image size-large\"><img loading=\"lazy\" decoding=\"async\" width=\"1024\" height=\"576\" src=\"https:\/\/www.ggs-oberforstbach.de\/wp-content\/uploads\/2022\/03\/Peace-Zeichen-1024x576.jpg\" alt=\"\" class=\"wp-image-1992\" srcset=\"https:\/\/www.ggs-oberforstbach.de\/wp-content\/uploads\/2022\/03\/Peace-Zeichen-1024x576.jpg 1024w, https:\/\/www.ggs-oberforstbach.de\/wp-content\/uploads\/2022\/03\/Peace-Zeichen-300x169.jpg 300w, https:\/\/www.ggs-oberforstbach.de\/wp-content\/uploads\/2022\/03\/Peace-Zeichen-768x432.jpg 768w, https:\/\/www.ggs-oberforstbach.de\/wp-content\/uploads\/2022\/03\/Peace-Zeichen-1536x864.jpg 1536w, https:\/\/www.ggs-oberforstbach.de\/wp-content\/uploads\/2022\/03\/Peace-Zeichen-2048x1152.jpg 2048w\" sizes=\"auto, (max-width: 1024px) 100vw, 1024px\" \/><\/figure>\n\n\n\n<p class=\"has-black-color has-text-color\">Die kriegerische Gewalt in der Ukraine besch\u00e4ftigt auch die Kinder in der GGS Oberforstbach. Angst und Traurigkeit wollen in positive Aktionen \u00fcberf\u00fchrt werden. Symbole und Rituale k\u00f6nnen helfen.<\/p>\n\n\n\n<p class=\"has-black-color has-text-color\">Wir hoffen auf Frieden in der Ukraine, Frieden in Europa und Frieden in der Welt.<\/p>\n","protected":false},"excerpt":{"rendered":"<p>Running for Kids \u2013 Peter Borsdorff zu Besuch in der Schule Bei der Martinssammlung 2023 haben die Kinder der dritten und vierten Schuljahre Spenden in H\u00f6he von 1646 Euro f\u00fcr das Projekt \u201eRunning for Kids\u201c von Peter Borsdorff gesammelt, mit dem bed\u00fcrftige Kinder in der Region unterst\u00fctzt werden. Peter Borsdorff freute sich sehr \u00fcber diese [&hellip;]<\/p>\n","protected":false},"author":1,"featured_media":0,"parent":0,"menu_order":0,"comment_status":"closed","ping_status":"closed","template":"","meta":{"footnotes":""},"class_list":["post-122","page","type-page","status-publish","hentry","entry"],"_links":{"self":[{"href":"https:\/\/www.ggs-oberforstbach.de\/index.php\/wp-json\/wp\/v2\/pages\/122","targetHints":{"allow":["GET"]}}],"collection":[{"href":"https:\/\/www.ggs-oberforstbach.de\/index.php\/wp-json\/wp\/v2\/pages"}],"about":[{"href":"https:\/\/www.ggs-oberforstbach.de\/index.php\/wp-json\/wp\/v2\/types\/page"}],"author":[{"embeddable":true,"href":"https:\/\/www.ggs-oberforstbach.de\/index.php\/wp-json\/wp\/v2\/users\/1"}],"replies":[{"embeddable":true,"href":"https:\/\/www.ggs-oberforstbach.de\/index.php\/wp-json\/wp\/v2\/comments?post=122"}],"version-history":[{"count":6,"href":"https:\/\/www.ggs-oberforstbach.de\/index.php\/wp-json\/wp\/v2\/pages\/122\/revisions"}],"predecessor-version":[{"id":2555,"href":"https:\/\/www.ggs-oberforstbach.de\/index.php\/wp-json\/wp\/v2\/pages\/122\/revisions\/2555"}],"wp:attachment":[{"href":"https:\/\/www.ggs-oberforstbach.de\/index.php\/wp-json\/wp\/v2\/media?parent=122"}],"curies":[{"name":"wp","href":"https:\/\/api.w.org\/{rel}","templated":true}]}}