{"id":1293,"date":"2021-06-14T13:25:27","date_gmt":"2021-06-14T13:25:27","guid":{"rendered":"https:\/\/dev.ggs-oberforstbach.de\/?page_id=1293"},"modified":"2021-06-14T13:25:28","modified_gmt":"2021-06-14T13:25:28","slug":"schule-der-zukunft-agenda-21","status":"publish","type":"page","link":"https:\/\/www.ggs-oberforstbach.de\/index.php\/schule-der-zukunft-agenda-21\/","title":{"rendered":"Schule der Zukunft &#8211; Agenda 21"},"content":{"rendered":"\n<h1 class=\"wp-block-heading\">Schule der Zukunft &#8211; Agenda 21<\/h1>\n\n\n\n<figure class=\"wp-block-image size-large is-resized\"><img loading=\"lazy\" decoding=\"async\" src=\"https:\/\/www.ggs-oberforstbach.de\/wp-content\/uploads\/2021\/06\/zukunft1-769x1024.jpg\" alt=\"\" class=\"wp-image-1294\" width=\"577\" height=\"768\" srcset=\"https:\/\/www.ggs-oberforstbach.de\/wp-content\/uploads\/2021\/06\/zukunft1-769x1024.jpg 769w, https:\/\/www.ggs-oberforstbach.de\/wp-content\/uploads\/2021\/06\/zukunft1-225x300.jpg 225w, https:\/\/www.ggs-oberforstbach.de\/wp-content\/uploads\/2021\/06\/zukunft1-768x1023.jpg 768w, https:\/\/www.ggs-oberforstbach.de\/wp-content\/uploads\/2021\/06\/zukunft1-300x400.jpg 300w, https:\/\/www.ggs-oberforstbach.de\/wp-content\/uploads\/2021\/06\/zukunft1.jpg 1044w\" sizes=\"auto, (max-width: 577px) 100vw, 577px\" \/><\/figure>\n\n\n\n<p>Heute haben die Umweltprobleme weltweit neue Dimensionen erreicht. Wollen wir unsere Erde f\u00fcr die nachfolgenden Generationen lebenswert erhalten, dann k\u00f6nnen wir den Kindern nicht nur fachliches Wissen und ihnen die Notwendigkeit des Handelns vermitteln. Wir m\u00fcssen mit ihnen die Initiative ergreifen und gemeinsam an Ver\u00e4nderungen arbeiten.<\/p>\n\n\n\n<p>Seit mehr als zehn Jahren engagiert sich unsere Schule im Sinne einer Bildung f\u00fcr Nachhaltigkeit.<\/p>\n\n\n\n<p>Im Fr\u00fchjahr 2020 wurden wir zum f\u00fcnften Mal als <em>Schule der Zukunft<\/em> (<em>Agenda21)<\/em> zertifiziert.<\/p>\n\n\n\n<p>Folgende Aktivit\u00e4ten und Unterrichtsvorhaben pr\u00e4gen unseren Schulalltag und unser Schuljahr:<\/p>\n\n\n\n<ul class=\"wp-block-list\"><li>M\u00fclltrennung und M\u00fcllvermeidung, bewusster Wasser- und Stromverbrauch<\/li><li>Umweltschutz, Naturerleben sowie Pflege und Erhalt \u00f6kologischer Lebensr\u00e4ume (Naturschulhof, Naturf\u00fchrungen, Kr\u00f6tenschutz, Bachpatenschaft, Wildbienenstand, Nistk\u00e4sten)<\/li><li>Klimaschutz (FahrRad-Projekt)<\/li><li>Patenschaften zur Unterst\u00fctzung bed\u00fcrftiger Kinder (Sponsorenl\u00e4ufe)<\/li><li>F\u00f6rderkonzept \u201eGl\u00fcck\u201c<\/li><li>Partizipation im Schulalltag (Streitschlichter, Kinderkonferenz, Schulradio, Schulsanit\u00e4tsdienst)<\/li><li>Kreative, musische und sportliche Angebote<\/li><li>Lernen als aktives und kooperatives Lernen<\/li><\/ul>\n\n\n\n<p>F\u00fcr den Zeitraum 2016 bis 2020 haben wir uns zur weiteren Teilnahme an der Kampagne &#8222;Schule der Zukunft&#8220; angemeldet. In Kooperation mit dem ENERGETICON in Alsdorf haben wir uns mit den Energiequellen unserer Erde, insbesondere mit den erneuerbaren Energien besch\u00e4ftigt.<\/p>\n\n\n\n<figure class=\"wp-block-image size-large\"><img loading=\"lazy\" decoding=\"async\" width=\"225\" height=\"189\" src=\"https:\/\/www.ggs-oberforstbach.de\/wp-content\/uploads\/2021\/06\/zukunft2.png\" alt=\"\" class=\"wp-image-1295\"\/><\/figure>\n","protected":false},"excerpt":{"rendered":"<p>Schule der Zukunft &#8211; Agenda 21 Heute haben die Umweltprobleme weltweit neue Dimensionen erreicht. Wollen wir unsere Erde f\u00fcr die nachfolgenden Generationen lebenswert erhalten, dann k\u00f6nnen wir den Kindern nicht nur fachliches Wissen und ihnen die Notwendigkeit des Handelns vermitteln. Wir m\u00fcssen mit ihnen die Initiative ergreifen und gemeinsam an Ver\u00e4nderungen arbeiten. Seit mehr als [&hellip;]<\/p>\n","protected":false},"author":1,"featured_media":0,"parent":0,"menu_order":0,"comment_status":"closed","ping_status":"closed","template":"","meta":{"footnotes":""},"class_list":["post-1293","page","type-page","status-publish","hentry","entry"],"_links":{"self":[{"href":"https:\/\/www.ggs-oberforstbach.de\/index.php\/wp-json\/wp\/v2\/pages\/1293","targetHints":{"allow":["GET"]}}],"collection":[{"href":"https:\/\/www.ggs-oberforstbach.de\/index.php\/wp-json\/wp\/v2\/pages"}],"about":[{"href":"https:\/\/www.ggs-oberforstbach.de\/index.php\/wp-json\/wp\/v2\/types\/page"}],"author":[{"embeddable":true,"href":"https:\/\/www.ggs-oberforstbach.de\/index.php\/wp-json\/wp\/v2\/users\/1"}],"replies":[{"embeddable":true,"href":"https:\/\/www.ggs-oberforstbach.de\/index.php\/wp-json\/wp\/v2\/comments?post=1293"}],"version-history":[{"count":1,"href":"https:\/\/www.ggs-oberforstbach.de\/index.php\/wp-json\/wp\/v2\/pages\/1293\/revisions"}],"predecessor-version":[{"id":1296,"href":"https:\/\/www.ggs-oberforstbach.de\/index.php\/wp-json\/wp\/v2\/pages\/1293\/revisions\/1296"}],"wp:attachment":[{"href":"https:\/\/www.ggs-oberforstbach.de\/index.php\/wp-json\/wp\/v2\/media?parent=1293"}],"curies":[{"name":"wp","href":"https:\/\/api.w.org\/{rel}","templated":true}]}}