{"id":1314,"date":"2021-06-14T14:14:14","date_gmt":"2021-06-14T14:14:14","guid":{"rendered":"https:\/\/dev.ggs-oberforstbach.de\/?page_id=1314"},"modified":"2025-12-10T18:03:05","modified_gmt":"2025-12-10T18:03:05","slug":"gewaltfrei-lernen","status":"publish","type":"page","link":"https:\/\/www.ggs-oberforstbach.de\/index.php\/gewaltfrei-lernen\/","title":{"rendered":"Gewaltfrei Lernen"},"content":{"rendered":"\n<h1 class=\"wp-block-heading\">Gewaltfrei Lernen<\/h1>\n\n\n\n<figure class=\"wp-block-image size-large is-resized\"><img loading=\"lazy\" decoding=\"async\" width=\"458\" height=\"457\" src=\"https:\/\/www.ggs-oberforstbach.de\/wp-content\/uploads\/2021\/06\/gewaltfreilernen.png\" alt=\"\" class=\"wp-image-1317\" style=\"width:229px;height:229px\" srcset=\"https:\/\/www.ggs-oberforstbach.de\/wp-content\/uploads\/2021\/06\/gewaltfreilernen.png 458w, https:\/\/www.ggs-oberforstbach.de\/wp-content\/uploads\/2021\/06\/gewaltfreilernen-300x300.png 300w, https:\/\/www.ggs-oberforstbach.de\/wp-content\/uploads\/2021\/06\/gewaltfreilernen-150x150.png 150w\" sizes=\"auto, (max-width: 458px) 100vw, 458px\" \/><\/figure>\n\n\n\n<p>Das Projekt <strong>Gewaltfrei Lernen<\/strong> wurde an unserer Schule 2020 durch Sibylle Wanders in Form einer Lehrerfortbildung und Sch\u00fclerworkshops eingef\u00fchrt. Das Projekt soll die bereits bestehenden Konzepte zur F\u00f6rderung des sozialen<br>Miteinanders erg\u00e4nzen.<br><strong>Gewaltfrei Lernen<\/strong> ist ein bewegungsreiches Trainingskonzept zur F\u00f6rderung des Sozialen Lernens, von Teamwork und Konfliktf\u00e4higkeit. Es vereint die sinnvollsten Strategien zur Pr\u00e4vention und Intervention von Ausgrenzungen, Beleidigungen,<br>Mobbing und k\u00f6rperlichen Schikanen.\u201c (vgl. https:\/\/www.gewaltfreilernen.de\/)<\/p>\n\n\n\n<p>Folgende Schwerpunkte aus dem Programm werden an unserer Schule kontinuierlich mit dem Ziel der Konfliktvermeidung vermittelt und trainiert<\/p>\n\n\n\n<ol class=\"wp-block-list\">\n<li>Stopp-Regel in 3 Schritten<\/li>\n\n\n\n<li>Umgang mit Beleidigungen<\/li>\n\n\n\n<li>Strategien des Helfens<\/li>\n\n\n\n<li>Wiedergutmachungen<\/li>\n<\/ol>\n\n\n\n<p>Zentraler Bestandteil ist ebenfalls, dass alle Mitarbeiter der Schule in p\u00e4dagogischer Geschlossenheit sowohl auf kleinere Konflikte als auch Gewalt konsequent reagieren.<\/p>\n","protected":false},"excerpt":{"rendered":"<p>Gewaltfrei Lernen Das Projekt Gewaltfrei Lernen wurde an unserer Schule 2020 durch Sibylle Wanders in Form einer Lehrerfortbildung und Sch\u00fclerworkshops eingef\u00fchrt. Das Projekt soll die bereits bestehenden Konzepte zur F\u00f6rderung des sozialenMiteinanders erg\u00e4nzen.Gewaltfrei Lernen ist ein bewegungsreiches Trainingskonzept zur F\u00f6rderung des Sozialen Lernens, von Teamwork und Konfliktf\u00e4higkeit. Es vereint die sinnvollsten Strategien zur Pr\u00e4vention und [&hellip;]<\/p>\n","protected":false},"author":1,"featured_media":0,"parent":0,"menu_order":0,"comment_status":"closed","ping_status":"closed","template":"","meta":{"footnotes":""},"class_list":["post-1314","page","type-page","status-publish","hentry","entry"],"_links":{"self":[{"href":"https:\/\/www.ggs-oberforstbach.de\/index.php\/wp-json\/wp\/v2\/pages\/1314","targetHints":{"allow":["GET"]}}],"collection":[{"href":"https:\/\/www.ggs-oberforstbach.de\/index.php\/wp-json\/wp\/v2\/pages"}],"about":[{"href":"https:\/\/www.ggs-oberforstbach.de\/index.php\/wp-json\/wp\/v2\/types\/page"}],"author":[{"embeddable":true,"href":"https:\/\/www.ggs-oberforstbach.de\/index.php\/wp-json\/wp\/v2\/users\/1"}],"replies":[{"embeddable":true,"href":"https:\/\/www.ggs-oberforstbach.de\/index.php\/wp-json\/wp\/v2\/comments?post=1314"}],"version-history":[{"count":4,"href":"https:\/\/www.ggs-oberforstbach.de\/index.php\/wp-json\/wp\/v2\/pages\/1314\/revisions"}],"predecessor-version":[{"id":2720,"href":"https:\/\/www.ggs-oberforstbach.de\/index.php\/wp-json\/wp\/v2\/pages\/1314\/revisions\/2720"}],"wp:attachment":[{"href":"https:\/\/www.ggs-oberforstbach.de\/index.php\/wp-json\/wp\/v2\/media?parent=1314"}],"curies":[{"name":"wp","href":"https:\/\/api.w.org\/{rel}","templated":true}]}}