{"id":136,"date":"2020-09-01T19:33:00","date_gmt":"2020-09-01T19:33:00","guid":{"rendered":"http:\/\/wordpress.a-bothmann.de\/?page_id=136"},"modified":"2021-07-01T15:58:52","modified_gmt":"2021-07-01T15:58:52","slug":"digitaler-unterricht","status":"publish","type":"page","link":"https:\/\/www.ggs-oberforstbach.de\/index.php\/digitaler-unterricht\/","title":{"rendered":"digitales Lernen"},"content":{"rendered":"\n<h1 class=\"wp-block-heading\">Digitales Lernen<\/h1>\n\n\n\n<p><\/p>\n\n\n\n<p>Digitale Medien pr\u00e4gen unsere soziale, kulturelle und wirtschaftliche Welt in besonderem Ma\u00dfe. Davon ist auch der (Schul-) Alltag unserer Kinder nicht ausgenommen. Deswegen ist der Umgang mit digitalen Medien bei uns im Unterricht genauso Lerngegenstand wie Lesen, Rechnen und Schreiben.<\/p>\n\n\n\n<p>Die Digitalisierung nimmt an unserer Grundschule immer mehr an Fahrt auf. Daf\u00fcr steht eine digitale Ausstattung in Form von PCs, iPads und Deckenbeamern zur Verf\u00fcgung. Vielf\u00e4ltige digitale Lernangebote bereichern unseren Unterricht und das Lernen zu Hause. So unterst\u00fctzt beispielsweise das digitale Programm <strong>Antolin<\/strong> den individuellen Leselernprozess, indem es die Motivation der Kinder<br>zum Lesen steigert. Auch die <strong>Anton-App<\/strong> hat sich zur vertiefenden \u00dcbung von Lerninhalten bew\u00e4hrt.<\/p>\n\n\n\n<p>Einige Klassen nutzen das <strong>Padlet<\/strong>, eine digitale Pinnwand, auf der Texte, Bilder, Videos und Links angelegt werden k\u00f6nnen. Das Padlet eignet sich auch zum Teilen von Arbeitsergebnissen der Kinder und bietet auch ein gro\u00dfes Potential zum Erstellen von Referaten und Pr\u00e4sentationen.<\/p>\n\n\n\n<h2 class=\"wp-block-heading\">Interessante Links<\/h2>\n\n\n\n<h3 class=\"wp-block-heading\">Deutsch<\/h3>\n\n\n\n<ul class=\"wp-block-list\"><li>Lesen und Vorlesen (1.\/2. Klasse): https:\/\/www.stiftunglesen.de\/aktionen\/vorlesen-corona\/<\/li><li>Lesef\u00f6rderung mit Antolin (2. \u2013 4. Klasse): https:\/\/antolin.westermann.de\/<\/li><\/ul>\n\n\n\n<h3 class=\"wp-block-heading\">Mathematik<\/h3>\n\n\n\n<ul class=\"wp-block-list\"><li>K\u00e4nguru \u2013 Knobelaufgaben f\u00fcr Zuhause (3.\/4. Klasse): https:\/\/www.mathekaenguru.de\/zuhause\/index.html<\/li><li>R\u00e4tselspa\u00df f\u00fcr Erwachsene und Kinder: https:\/\/www.raetseldino.de\/knobelaufgabenkinder.html<\/li><\/ul>\n\n\n\n<h3 class=\"wp-block-heading\">Sachunterricht<\/h3>\n\n\n\n<ul class=\"wp-block-list\"><li>Die Seite mit der Maus: https:\/\/www.wdrmaus.de\/<\/li><li>Informationen zu Sachthemen: https:\/\/www.planet-schule.de\/<\/li><li>Kindgerechter Blog f\u00fcr Sachthemen: https:\/\/www.hamsterkiste.de\/<\/li><\/ul>\n\n\n\n<h3 class=\"wp-block-heading\">F\u00e4cher\u00fcbergreifendes Lernen<\/h3>\n\n\n\n<ul class=\"wp-block-list\"><li>Lernplattform https:\/\/anton.app\/de\/<\/li><li>Fit f\u00fcr das Internet und digitale Medien (Klasse 3 &amp; 4): https:\/\/www.internet-abc.de\/<\/li><\/ul>\n","protected":false},"excerpt":{"rendered":"<p>Digitales Lernen Digitale Medien pr\u00e4gen unsere soziale, kulturelle und wirtschaftliche Welt in besonderem Ma\u00dfe. Davon ist auch der (Schul-) Alltag unserer Kinder nicht ausgenommen. Deswegen ist der Umgang mit digitalen Medien bei uns im Unterricht genauso Lerngegenstand wie Lesen, Rechnen und Schreiben. Die Digitalisierung nimmt an unserer Grundschule immer mehr an Fahrt auf. Daf\u00fcr steht [&hellip;]<\/p>\n","protected":false},"author":1,"featured_media":0,"parent":0,"menu_order":0,"comment_status":"closed","ping_status":"closed","template":"","meta":{"footnotes":""},"class_list":["post-136","page","type-page","status-publish","hentry","entry"],"_links":{"self":[{"href":"https:\/\/www.ggs-oberforstbach.de\/index.php\/wp-json\/wp\/v2\/pages\/136","targetHints":{"allow":["GET"]}}],"collection":[{"href":"https:\/\/www.ggs-oberforstbach.de\/index.php\/wp-json\/wp\/v2\/pages"}],"about":[{"href":"https:\/\/www.ggs-oberforstbach.de\/index.php\/wp-json\/wp\/v2\/types\/page"}],"author":[{"embeddable":true,"href":"https:\/\/www.ggs-oberforstbach.de\/index.php\/wp-json\/wp\/v2\/users\/1"}],"replies":[{"embeddable":true,"href":"https:\/\/www.ggs-oberforstbach.de\/index.php\/wp-json\/wp\/v2\/comments?post=136"}],"version-history":[{"count":3,"href":"https:\/\/www.ggs-oberforstbach.de\/index.php\/wp-json\/wp\/v2\/pages\/136\/revisions"}],"predecessor-version":[{"id":1457,"href":"https:\/\/www.ggs-oberforstbach.de\/index.php\/wp-json\/wp\/v2\/pages\/136\/revisions\/1457"}],"wp:attachment":[{"href":"https:\/\/www.ggs-oberforstbach.de\/index.php\/wp-json\/wp\/v2\/media?parent=136"}],"curies":[{"name":"wp","href":"https:\/\/api.w.org\/{rel}","templated":true}]}}