{"id":1488,"date":"2021-07-02T18:12:49","date_gmt":"2021-07-02T18:12:49","guid":{"rendered":"https:\/\/dev.ggs-oberforstbach.de\/?page_id=1488"},"modified":"2025-12-02T08:06:54","modified_gmt":"2025-12-02T08:06:54","slug":"wir-ueber-uns","status":"publish","type":"page","link":"https:\/\/www.ggs-oberforstbach.de\/index.php\/wir-ueber-uns\/","title":{"rendered":"Wir \u00fcber uns"},"content":{"rendered":"\n<h1 class=\"wp-block-heading\">Wir \u00fcber uns<\/h1>\n\n\n\n<h2 class=\"wp-block-heading\">Herzlich Willkommen im Bereich der Offenen Ganztagsschule Oberforstbach!<\/h2>\n\n\n\n<p>Seit dem Schuljahr 2006\/07 sind wir eine Offene Ganztagsschule (OGS). Die zuverl\u00e4ssige Betreuung in der OGS findet t\u00e4glich nach Unterrichtsschluss unter einem Dach mit der Schule statt. Schule und Offene Ganztagsschule sind nahtlos miteinander vernetzt, so dass Bildung, Erziehung und Betreuung aus einer Hand stattfinden.<\/p>\n\n\n\n<p>IN VIA Aachen e.V. koordiniert seit dem Schuljahr 2014\/2015 als Tr\u00e4ger die Angebote unserer OGS und seit dem Schuljahr 2021\/2022 auch das Angebot Schule von 8-1.<\/p>\n\n\n\n<p><\/p>\n\n\n\n<p>Das OGS &#8211; Betreuungsteam setzt sich aus Erzieherin&nbsp;und Mitarbeiterinnen mit Qualifizierung durch den Zertifikatskurs SchulTag zusammen. Das Team wird von Frau Bergner geleitet. Sie hat den Zertifikatskurs &#8222;Lernen mit Klarheit, Kreativit\u00e4t und Kraft&#8220; in Kooperation mit dem LVR &#8211; Landesjugendamt Rheinland absolviert. Sie ist Ansprechpartnerinnen f\u00fcr s\u00e4mtliche organisatorische Belange der OGS.<\/p>\n\n\n\n<p>In jahrgangsgemischten Gruppen werden die Kinder von ihren festen Bezugsp\u00e4dagoginnen durch die Zeit nach Unterrichtsende begleitet. Sie unterst\u00fctzen beim Mittagessen, in der Lernzeit, organisieren oder geben selber Kurse und beaufsichtigen das Freispiel.<\/p>\n\n\n\n<p>Um 15:00, 15:30 und 16:00 Uhr sind die Abholzeiten der OGS. Nach individueller Absprache mit der jeweiligen Fachkraft ist es m\u00f6glich in Ausnahmef\u00e4llen die Kinder auch zu anderen Zeiten abzuholen. Damit arbeitet die OGS familienerg\u00e4nzend und ber\u00fccksichtigt somit die individuellen Gegebenheiten jeder Familie.<\/p>\n\n\n\n<p><\/p>\n\n\n\n<p>W\u00fcnschen Sie weitere Informationen, haben Sie Fragen zu unserer Arbeit? Dann nehmen Sie bitte Kontakt zu uns auf:<\/p>\n\n\n\n<h2 class=\"wp-block-heading\">Kontakt w\u00e4hrend unserer B\u00fcrozeit: Montag&nbsp;\u2013 Freitag 08:30 \u2013 11:30 Uhr<\/h2>\n\n\n\n<div class=\"wp-block-columns is-layout-flex wp-container-core-columns-is-layout-9d6595d7 wp-block-columns-is-layout-flex\">\n<div class=\"wp-block-column is-layout-flow wp-block-column-is-layout-flow\" style=\"flex-basis:100%\">\n<div class=\"wp-block-columns is-layout-flex wp-container-core-columns-is-layout-9d6595d7 wp-block-columns-is-layout-flex\">\n<div class=\"wp-block-column is-layout-flow wp-block-column-is-layout-flow\" style=\"flex-basis:50%\">\n<p class=\"has-text-align-left\">OGS Oberforstbach<br>Offene Ganztagsschule<br>Oberforstbacherstr. 332<br>52076 Aachen<br>Tel. +49 2408 607024<br>E-Mail:&nbsp;ogs.oberforstbach@invia-aachen.de<br>OGS-Koordinatorin: Frau Bergner<\/p>\n<\/div>\n\n\n\n<div class=\"wp-block-column is-layout-flow wp-block-column-is-layout-flow\" style=\"flex-basis:50%\"><div class=\"wp-block-image\">\n<figure class=\"alignright size-full\"><img loading=\"lazy\" decoding=\"async\" width=\"213\" height=\"119\" src=\"https:\/\/www.ggs-oberforstbach.de\/wp-content\/uploads\/2021\/08\/Logo_klein.jpg\" alt=\"\" class=\"wp-image-1685\"\/><\/figure><\/div><\/div>\n<\/div>\n<\/div>\n<\/div>\n\n\n\n<div class=\"wp-block-columns is-layout-flex wp-container-core-columns-is-layout-9d6595d7 wp-block-columns-is-layout-flex\">\n<div class=\"wp-block-column is-layout-flow wp-block-column-is-layout-flow\" style=\"flex-basis:100%\"><\/div>\n<\/div>\n\n\n\n<p><\/p>\n\n\n\n<h2 class=\"wp-block-heading has-text-align-center\">Tr\u00e4ger der OGS<\/h2>\n\n\n\n<p class=\"has-text-align-center\"><a href=\"https:\/\/www.invia-aachen.de\/angebote\/offene-ganztagsschule.html\" data-type=\"URL\" data-id=\"https:\/\/www.invia-aachen.de\/angebote\/offene-ganztagsschule.html\">IN VIA Aachen e.V.<\/a><br>Kath. Verband f\u00fcr Frauen- und M\u00e4dchensozialarbeit<br>Krefelder Str.23<br>52070 Aachen<\/p>\n\n\n<div class=\"wp-block-image\">\n<figure class=\"aligncenter size-large\"><img loading=\"lazy\" decoding=\"async\" width=\"117\" height=\"103\" src=\"https:\/\/www.ggs-oberforstbach.de\/wp-content\/uploads\/2021\/07\/Bild_IN-VIA-Aachen.jpg\" alt=\"\" class=\"wp-image-1553\"\/><\/figure><\/div>","protected":false},"excerpt":{"rendered":"<p>Wir \u00fcber uns Herzlich Willkommen im Bereich der Offenen Ganztagsschule Oberforstbach! Seit dem Schuljahr 2006\/07 sind wir eine Offene Ganztagsschule (OGS). Die zuverl\u00e4ssige Betreuung in der OGS findet t\u00e4glich nach Unterrichtsschluss unter einem Dach mit der Schule statt. Schule und Offene Ganztagsschule sind nahtlos miteinander vernetzt, so dass Bildung, Erziehung und Betreuung aus einer Hand [&hellip;]<\/p>\n","protected":false},"author":1,"featured_media":0,"parent":0,"menu_order":0,"comment_status":"closed","ping_status":"closed","template":"","meta":{"footnotes":""},"class_list":["post-1488","page","type-page","status-publish","hentry","entry"],"_links":{"self":[{"href":"https:\/\/www.ggs-oberforstbach.de\/index.php\/wp-json\/wp\/v2\/pages\/1488","targetHints":{"allow":["GET"]}}],"collection":[{"href":"https:\/\/www.ggs-oberforstbach.de\/index.php\/wp-json\/wp\/v2\/pages"}],"about":[{"href":"https:\/\/www.ggs-oberforstbach.de\/index.php\/wp-json\/wp\/v2\/types\/page"}],"author":[{"embeddable":true,"href":"https:\/\/www.ggs-oberforstbach.de\/index.php\/wp-json\/wp\/v2\/users\/1"}],"replies":[{"embeddable":true,"href":"https:\/\/www.ggs-oberforstbach.de\/index.php\/wp-json\/wp\/v2\/comments?post=1488"}],"version-history":[{"count":34,"href":"https:\/\/www.ggs-oberforstbach.de\/index.php\/wp-json\/wp\/v2\/pages\/1488\/revisions"}],"predecessor-version":[{"id":2740,"href":"https:\/\/www.ggs-oberforstbach.de\/index.php\/wp-json\/wp\/v2\/pages\/1488\/revisions\/2740"}],"wp:attachment":[{"href":"https:\/\/www.ggs-oberforstbach.de\/index.php\/wp-json\/wp\/v2\/media?parent=1488"}],"curies":[{"name":"wp","href":"https:\/\/api.w.org\/{rel}","templated":true}]}}