{"id":1601,"date":"2021-07-22T18:12:26","date_gmt":"2021-07-22T18:12:26","guid":{"rendered":"https:\/\/dev.ggs-oberforstbach.de\/?page_id=1601"},"modified":"2026-01-18T18:51:50","modified_gmt":"2026-01-18T18:51:50","slug":"naturschulhof","status":"publish","type":"page","link":"https:\/\/www.ggs-oberforstbach.de\/index.php\/naturschulhof\/","title":{"rendered":"Naturschulhof"},"content":{"rendered":"\n<h1 class=\"wp-block-heading\">Naturschulhof<\/h1>\n\n\n\n<p>Unser Naturschulhof bietet den Kindern vielf\u00e4ltige Spielm\u00f6glichkeiten durch<\/p>\n\n\n\n<ul class=\"wp-block-list\">\n<li>eine bepflanzte Berg- und Muldenlandschaft mit Rutsche und Aussichtsplattform<\/li>\n\n\n\n<li>einen Wiesenbereich im Schulhofgel\u00e4nde<\/li>\n\n\n\n<li>eine Sandlandschaft mit Lehmh\u00fctte<\/li>\n\n\n\n<li>Bewegungsparcours<\/li>\n\n\n\n<li>H\u00e4ngematte und Wackelbr\u00fccke<\/li>\n\n\n\n<li>Schaffen von Ruhezonen<\/li>\n<\/ul>\n\n\n\n<p>Eine Arbeitsgruppe aus Eltern und Mitarbeiterinnen k\u00fcmmert sich mit Kindern (Garten-AG, Aktionstage, Projekte) um die notwendigen jahreszeitlichen Arbeiten und die Pflege der Anlage.<\/p>\n","protected":false},"excerpt":{"rendered":"<p>Naturschulhof Unser Naturschulhof bietet den Kindern vielf\u00e4ltige Spielm\u00f6glichkeiten durch Eine Arbeitsgruppe aus Eltern und Mitarbeiterinnen k\u00fcmmert sich mit Kindern (Garten-AG, Aktionstage, Projekte) um die notwendigen jahreszeitlichen Arbeiten und die Pflege der Anlage.<\/p>\n","protected":false},"author":1,"featured_media":0,"parent":0,"menu_order":0,"comment_status":"closed","ping_status":"closed","template":"","meta":{"footnotes":""},"class_list":["post-1601","page","type-page","status-publish","hentry","entry"],"_links":{"self":[{"href":"https:\/\/www.ggs-oberforstbach.de\/index.php\/wp-json\/wp\/v2\/pages\/1601","targetHints":{"allow":["GET"]}}],"collection":[{"href":"https:\/\/www.ggs-oberforstbach.de\/index.php\/wp-json\/wp\/v2\/pages"}],"about":[{"href":"https:\/\/www.ggs-oberforstbach.de\/index.php\/wp-json\/wp\/v2\/types\/page"}],"author":[{"embeddable":true,"href":"https:\/\/www.ggs-oberforstbach.de\/index.php\/wp-json\/wp\/v2\/users\/1"}],"replies":[{"embeddable":true,"href":"https:\/\/www.ggs-oberforstbach.de\/index.php\/wp-json\/wp\/v2\/comments?post=1601"}],"version-history":[{"count":8,"href":"https:\/\/www.ggs-oberforstbach.de\/index.php\/wp-json\/wp\/v2\/pages\/1601\/revisions"}],"predecessor-version":[{"id":2747,"href":"https:\/\/www.ggs-oberforstbach.de\/index.php\/wp-json\/wp\/v2\/pages\/1601\/revisions\/2747"}],"wp:attachment":[{"href":"https:\/\/www.ggs-oberforstbach.de\/index.php\/wp-json\/wp\/v2\/media?parent=1601"}],"curies":[{"name":"wp","href":"https:\/\/api.w.org\/{rel}","templated":true}]}}