{"id":163,"date":"2020-09-01T20:14:31","date_gmt":"2020-09-01T20:14:31","guid":{"rendered":"http:\/\/wordpress.a-bothmann.de\/?page_id=163"},"modified":"2025-12-10T18:01:54","modified_gmt":"2025-12-10T18:01:54","slug":"fahrrad-aktion","status":"publish","type":"page","link":"https:\/\/www.ggs-oberforstbach.de\/index.php\/fahrrad-aktion\/","title":{"rendered":"FahrRad-Aktion"},"content":{"rendered":"\n<h1 class=\"wp-block-heading\">FahrRad-Aktion<\/h1>\n\n\n\n<figure class=\"wp-block-image size-large\"><img loading=\"lazy\" decoding=\"async\" width=\"1024\" height=\"768\" src=\"https:\/\/www.ggs-oberforstbach.de\/wp-content\/uploads\/2021\/06\/fahrrad01-1024x768.jpg\" alt=\"\" class=\"wp-image-1283\" srcset=\"https:\/\/www.ggs-oberforstbach.de\/wp-content\/uploads\/2021\/06\/fahrrad01-1024x768.jpg 1024w, https:\/\/www.ggs-oberforstbach.de\/wp-content\/uploads\/2021\/06\/fahrrad01-300x225.jpg 300w, https:\/\/www.ggs-oberforstbach.de\/wp-content\/uploads\/2021\/06\/fahrrad01-768x576.jpg 768w, https:\/\/www.ggs-oberforstbach.de\/wp-content\/uploads\/2021\/06\/fahrrad01.jpg 1386w\" sizes=\"auto, (max-width: 1024px) 100vw, 1024px\" \/><\/figure>\n\n\n\n<p>Jedes Fr\u00fchjahr beteiligt sich die Grundschule Oberforstbach an der FahrRad-Aktion &#8211; &#8222;Wir sammeln gr\u00fcne Meilen&#8220; &#8211; der Stadt Aachen. Kinder, die zu Fu\u00df, mit dem Bus, mit dem Roller oder dem Fahrrad zur Schule kommen, k\u00f6nnen f\u00fcr zwei Wochen Stempel sammeln. Ziel dieses Projektes ist es, das Fahrrad oder den Roller st\u00e4rker bei den Kindern zu etablieren sowie sich umweltfreundlich fortzubewegen. Durch die j\u00e4hrliche Teilnahme an der Aktion \u201eWir sammeln gr\u00fcne Meilen\u201c wollen wir zudem den Autoverkehr vor der Schule stark reduzieren und die Kinder zu mehr Gesundheitsbewusstein erziehen.<\/p>\n\n\n\n<p>Aufgrund des weitl\u00e4ufigen Einzugsgebiet der Schule sind manche Kinder bei ihrem Schulweg auf das Auto angewiesen. F\u00fcr diese wurden Elternhaltestellen an schulfernen Punkten eingerichtet, das Gefahrenpotential vor der Schule verringert und die Sch\u00fclergesundheit durch Fu\u00dfwege gef\u00f6rdert.<\/p>\n\n\n\n<p><\/p>\n\n\n\n<p><strong>Die Elternhaltestellen,<\/strong> die nur zum Aus- und Einsteigen der Kinder dienen,<strong> sind:<\/strong><\/p>\n\n\n\n<ol class=\"wp-block-list\">\n<li><strong>Tanneallee \/ Ecke Oberforstbacherstra\u00dfe<\/strong><\/li>\n\n\n\n<li><strong>Schwinnigstra\u00dfe, vor dem Kindergarten<\/strong><\/li>\n<\/ol>\n\n\n\n<figure class=\"wp-block-image size-large\"><img loading=\"lazy\" decoding=\"async\" width=\"225\" height=\"179\" src=\"https:\/\/www.ggs-oberforstbach.de\/wp-content\/uploads\/2021\/06\/fahrrad02.png\" alt=\"\" class=\"wp-image-1285\"\/><\/figure>\n","protected":false},"excerpt":{"rendered":"<p>FahrRad-Aktion Jedes Fr\u00fchjahr beteiligt sich die Grundschule Oberforstbach an der FahrRad-Aktion &#8211; &#8222;Wir sammeln gr\u00fcne Meilen&#8220; &#8211; der Stadt Aachen. Kinder, die zu Fu\u00df, mit dem Bus, mit dem Roller oder dem Fahrrad zur Schule kommen, k\u00f6nnen f\u00fcr zwei Wochen Stempel sammeln. Ziel dieses Projektes ist es, das Fahrrad oder den Roller st\u00e4rker bei den [&hellip;]<\/p>\n","protected":false},"author":1,"featured_media":0,"parent":0,"menu_order":0,"comment_status":"closed","ping_status":"closed","template":"","meta":{"footnotes":""},"class_list":["post-163","page","type-page","status-publish","hentry","entry"],"_links":{"self":[{"href":"https:\/\/www.ggs-oberforstbach.de\/index.php\/wp-json\/wp\/v2\/pages\/163","targetHints":{"allow":["GET"]}}],"collection":[{"href":"https:\/\/www.ggs-oberforstbach.de\/index.php\/wp-json\/wp\/v2\/pages"}],"about":[{"href":"https:\/\/www.ggs-oberforstbach.de\/index.php\/wp-json\/wp\/v2\/types\/page"}],"author":[{"embeddable":true,"href":"https:\/\/www.ggs-oberforstbach.de\/index.php\/wp-json\/wp\/v2\/users\/1"}],"replies":[{"embeddable":true,"href":"https:\/\/www.ggs-oberforstbach.de\/index.php\/wp-json\/wp\/v2\/comments?post=163"}],"version-history":[{"count":10,"href":"https:\/\/www.ggs-oberforstbach.de\/index.php\/wp-json\/wp\/v2\/pages\/163\/revisions"}],"predecessor-version":[{"id":2741,"href":"https:\/\/www.ggs-oberforstbach.de\/index.php\/wp-json\/wp\/v2\/pages\/163\/revisions\/2741"}],"wp:attachment":[{"href":"https:\/\/www.ggs-oberforstbach.de\/index.php\/wp-json\/wp\/v2\/media?parent=163"}],"curies":[{"name":"wp","href":"https:\/\/api.w.org\/{rel}","templated":true}]}}