{"id":171,"date":"2020-09-01T20:16:32","date_gmt":"2020-09-01T20:16:32","guid":{"rendered":"http:\/\/wordpress.a-bothmann.de\/?page_id=171"},"modified":"2023-11-02T17:06:19","modified_gmt":"2023-11-02T17:06:19","slug":"gute-gesunde-schule","status":"publish","type":"page","link":"https:\/\/www.ggs-oberforstbach.de\/index.php\/gute-gesunde-schule\/","title":{"rendered":"Gute gesunde Schule"},"content":{"rendered":"\n<h1 class=\"wp-block-heading\">Gute gesunde Schule<\/h1>\n\n\n\n<p>Unsere Arbeit mit den Kindern richtet sich schon seit vielen Jahren am Gedanken einer ganzheitlichen Gesundheitserziehung aus. Waren es zun\u00e4chst nur die beiden Aspekte der bewegungsfreudigen Schule und der gesunden Ern\u00e4hrung so kam sp\u00e4ter der Gedanke der Entspannung noch erg\u00e4nzend hinzu.<\/p>\n\n\n\n<p>Dem Landesprogramm zur Gesundheitsf\u00f6rderung \u201e<strong>B<\/strong>ildung <strong>u<\/strong>nd <strong>G<\/strong>esundheit\u201c (BuG) geh\u00f6ren wir seit dem Jahr 2009 an. <\/p>\n\n\n\n<p><em>Als Gute gesunde Schule<\/em> sehen wir stets die Wechselbeziehung von Bildung und Gesundheit als unser zentrales Anliegen.<\/p>\n\n\n\n<p>Im Sinne einer <em>guten gesunden Schule<\/em> haben wir sowohl die Gesundheitsf\u00f6rderung der Kinder als auch der Erwachsenen im Blick.<\/p>\n\n\n\n<p>Bei allen Mitgliedern der Schulgemeinschaft wollen wir Kompetenzen und Haltungen f\u00f6rdern, die ihre Bereitschaft zum lebenslangen Lernen st\u00e4rken und sie bef\u00e4higt in einer ver\u00e4nderten Gesellschaft ein erfolgreiches und erf\u00fclltes Leben zu f\u00fchren.<\/p>\n\n\n\n<p>Die Qualit\u00e4t der Schul- und Unterrichtsprozesse im Sinne einer g<em>uten gesunden Schule<\/em> entwickeln wir weiter durch<\/p>\n\n\n\n<ul class=\"wp-block-list\"><li>ein gutes Schulklima, das alle Beteiligten in die Entwicklung der Schule einbezieht<\/li><li>die Schulhaus- und Schulhofgestaltung<\/li><li>die Gestaltung der Klassenr\u00e4ume<\/li><li>die Verbesserung der Arbeitsbedingungen der Lehrerinnen<\/li><li>ein bewusstes Sicherheitsmanagement<\/li><li>die Arbeit und Beratung in Lehrerinnen- und Betreuerinnen-Teams<\/li><li>Weiterentwicklung der Unterrichtsqualit\u00e4t<\/li><li>die Implementierung von Methoden des Kooperativen Lernens<\/li><li>die F\u00f6rderung des eigenverantwortlichen Lernens<\/li><li>die F\u00f6rderung von vielf\u00e4ltigen Begabungen<\/li><\/ul>\n","protected":false},"excerpt":{"rendered":"<p>Gute gesunde Schule Unsere Arbeit mit den Kindern richtet sich schon seit vielen Jahren am Gedanken einer ganzheitlichen Gesundheitserziehung aus. Waren es zun\u00e4chst nur die beiden Aspekte der bewegungsfreudigen Schule und der gesunden Ern\u00e4hrung so kam sp\u00e4ter der Gedanke der Entspannung noch erg\u00e4nzend hinzu. Dem Landesprogramm zur Gesundheitsf\u00f6rderung \u201eBildung und Gesundheit\u201c (BuG) geh\u00f6ren wir seit [&hellip;]<\/p>\n","protected":false},"author":1,"featured_media":0,"parent":0,"menu_order":0,"comment_status":"closed","ping_status":"closed","template":"","meta":{"footnotes":""},"class_list":["post-171","page","type-page","status-publish","hentry","entry"],"_links":{"self":[{"href":"https:\/\/www.ggs-oberforstbach.de\/index.php\/wp-json\/wp\/v2\/pages\/171","targetHints":{"allow":["GET"]}}],"collection":[{"href":"https:\/\/www.ggs-oberforstbach.de\/index.php\/wp-json\/wp\/v2\/pages"}],"about":[{"href":"https:\/\/www.ggs-oberforstbach.de\/index.php\/wp-json\/wp\/v2\/types\/page"}],"author":[{"embeddable":true,"href":"https:\/\/www.ggs-oberforstbach.de\/index.php\/wp-json\/wp\/v2\/users\/1"}],"replies":[{"embeddable":true,"href":"https:\/\/www.ggs-oberforstbach.de\/index.php\/wp-json\/wp\/v2\/comments?post=171"}],"version-history":[{"count":3,"href":"https:\/\/www.ggs-oberforstbach.de\/index.php\/wp-json\/wp\/v2\/pages\/171\/revisions"}],"predecessor-version":[{"id":2477,"href":"https:\/\/www.ggs-oberforstbach.de\/index.php\/wp-json\/wp\/v2\/pages\/171\/revisions\/2477"}],"wp:attachment":[{"href":"https:\/\/www.ggs-oberforstbach.de\/index.php\/wp-json\/wp\/v2\/media?parent=171"}],"curies":[{"name":"wp","href":"https:\/\/api.w.org\/{rel}","templated":true}]}}