{"id":28,"date":"2020-09-01T16:15:41","date_gmt":"2020-09-01T16:15:41","guid":{"rendered":"http:\/\/wordpress.a-bothmann.de\/?page_id=28"},"modified":"2021-11-05T06:00:11","modified_gmt":"2021-11-05T06:00:11","slug":"startseite-ogs","status":"publish","type":"page","link":"https:\/\/www.ggs-oberforstbach.de\/index.php\/startseite-ogs\/","title":{"rendered":"Offene Ganztagsschule"},"content":{"rendered":"\n<h1 class=\"wp-block-heading\">Offene Ganztagsschule (OGS)<\/h1>\n\n\n\n<p>Seit dem Schuljahr 2006\/2007 ist die Offene Ganztagsgrundschule als M\u00f6glichkeit der Betreuung von Kindern unserer Schule bis mindestens 15.00 Uhr vorhanden. Die Kinder werden hier betreut, erhalten ein Mittagessen und machen unter Begleitung von Lehrerinnen und Betreuerinnen unserer Schule ihre Hausaufgaben (Lernzeit). In der \u00fcbrigen Zeit nehmen sie an Angeboten zum kreativen Gestalten, Werken, Tanz, Musik, Sport und Kochen\/Backen teil. Dem freien Spiel auf dem Schulhof und in der Bauecke bzw. dem ruhigen Tun in der Leseecke wird gen\u00fcgend Raum gegeben.<\/p>\n\n\n\n<h3 class=\"wp-block-heading\">Unsere OGS bietet Ihren Kindern:<\/h3>\n\n\n\n<ul class=\"wp-block-list\"><li>einen Rahmen zur Erweiterung der Erfahrungen in sozialen, motorischen, handlungspraktischen, musischen und kreativen Bereichen<\/li><li>vielseitige Kursangebote verschiedener Referenten und Kooperationspartner,&nbsp; z.B. Musikschule N\u00fctheim Schleckheim<\/li><li>ein warmes Mittagessen<\/li><li>Hausaufgabenbetreuung durch die Lehrkr\u00e4ften und das Betreuungspersonal<\/li><li>Projekte und Aktionen<\/li><li>einen neuen Lebens- und Lernraum mit einem strukturierten Tagesrhythmus<\/li><li>die Vernetzung von Schule, Eltern, Kinder- und Jugendhilfe<\/li><li>einen Beitrag zur sozialen Erziehung<\/li><li>Ganztagsbetreuung an unterrichtsfreien Schultagen<\/li><li>Ferienbetreuung<\/li><\/ul>\n\n\n\n<p>Das Freispiel hat hierbei einen hohen Stellenwert bei uns, da die Kinder individuell und partizipativ ihren Tagesablauf mitbestimmen.<\/p>\n\n\n\n<h3 class=\"wp-block-heading\">OGS in der unterrichtsfreien Zeit<\/h3>\n\n\n\n<p>An beweglichen Ferientage und p\u00e4dagogischen Fortbildungstagen des GGS-Kollegiums findet die OGS-Betreuung ab 8.00 Uhr.<br>Unsere OGS ist in der<strong>&nbsp;ersten<\/strong> <strong>Woche der Oster- und Herbstferien<\/strong>, sowie in den <strong>ersten 3 Wochen der Sommerferien <\/strong>ge\u00f6ffnet.<\/p>\n\n\n\n<p><strong>Unsere Betreuungszeiten in den Ferien sind montags bis donnerstags 8.00 bis 16.00 Uhr, freitags 8.00 bis 15.00 Uhr.<\/strong><\/p>\n\n\n\n<p>Bei einem abwechslungsreichen Ferienprogramm genie\u00dfen wir gemeinsam die freie Zeit, au\u00dferschulische Lernorte stehen mit auf dem Programm.<br>Die Ferienbetreuung findet in unseren R\u00e4umen mit unseren OGS-Betreuern statt.<br>Der Bedarf aller Eltern wird rechtzeitig vor den Ferien abgefragt.<\/p>\n\n\n\n<p><\/p>\n","protected":false},"excerpt":{"rendered":"<p>Offene Ganztagsschule (OGS) Seit dem Schuljahr 2006\/2007 ist die Offene Ganztagsgrundschule als M\u00f6glichkeit der Betreuung von Kindern unserer Schule bis mindestens 15.00 Uhr vorhanden. Die Kinder werden hier betreut, erhalten ein Mittagessen und machen unter Begleitung von Lehrerinnen und Betreuerinnen unserer Schule ihre Hausaufgaben (Lernzeit). In der \u00fcbrigen Zeit nehmen sie an Angeboten zum kreativen [&hellip;]<\/p>\n","protected":false},"author":5,"featured_media":0,"parent":0,"menu_order":0,"comment_status":"closed","ping_status":"closed","template":"","meta":{"footnotes":""},"class_list":["post-28","page","type-page","status-publish","hentry","entry"],"_links":{"self":[{"href":"https:\/\/www.ggs-oberforstbach.de\/index.php\/wp-json\/wp\/v2\/pages\/28","targetHints":{"allow":["GET"]}}],"collection":[{"href":"https:\/\/www.ggs-oberforstbach.de\/index.php\/wp-json\/wp\/v2\/pages"}],"about":[{"href":"https:\/\/www.ggs-oberforstbach.de\/index.php\/wp-json\/wp\/v2\/types\/page"}],"author":[{"embeddable":true,"href":"https:\/\/www.ggs-oberforstbach.de\/index.php\/wp-json\/wp\/v2\/users\/5"}],"replies":[{"embeddable":true,"href":"https:\/\/www.ggs-oberforstbach.de\/index.php\/wp-json\/wp\/v2\/comments?post=28"}],"version-history":[{"count":10,"href":"https:\/\/www.ggs-oberforstbach.de\/index.php\/wp-json\/wp\/v2\/pages\/28\/revisions"}],"predecessor-version":[{"id":1903,"href":"https:\/\/www.ggs-oberforstbach.de\/index.php\/wp-json\/wp\/v2\/pages\/28\/revisions\/1903"}],"wp:attachment":[{"href":"https:\/\/www.ggs-oberforstbach.de\/index.php\/wp-json\/wp\/v2\/media?parent=28"}],"curies":[{"name":"wp","href":"https:\/\/api.w.org\/{rel}","templated":true}]}}