{"id":29,"date":"2020-09-01T16:15:41","date_gmt":"2020-09-01T16:15:41","guid":{"rendered":"http:\/\/wordpress.a-bothmann.de\/?page_id=29"},"modified":"2022-08-29T16:58:49","modified_gmt":"2022-08-29T16:58:49","slug":"impressum","status":"publish","type":"page","link":"https:\/\/www.ggs-oberforstbach.de\/index.php\/impressum\/","title":{"rendered":"Impressum"},"content":{"rendered":"\n<h1 class=\"wp-block-heading\">Impressum<\/h1>\n\n\n\n<h2 class=\"wp-block-heading\">Redaktion<\/h2>\n\n\n\n<p>Inhaltlich und rechtlich verantwortlich gem\u00e4\u00df \u00a7 10 Absatz 3 MDStV:<br> Andrea M\u00fcller-M\u00fcschen, Schulleiterin der Gemeinschaftsgrundschule Oberforstbach<\/p>\n\n\n\n<h2 class=\"wp-block-heading\">Schulleitung<\/h2>\n\n\n\n<p>Schulleiterin<br>Andrea M\u00fcller-M\u00fcschen<br>Oberforstbacher Stra\u00dfe 332<br>52076 AachenAdresse<\/p>\n\n\n\n<p>Gemeinschaftsgrundschule Oberforstbach<br>Oberforstbacher Stra\u00dfe 332<br>52076 Aachen<br>Deutschland<\/p>\n\n\n\n<h2 class=\"wp-block-heading\">Schultr\u00e4ger<\/h2>\n\n\n\n<p>Die Oberb\u00fcrgermeisterin<br>Sibylle Keupen<br>Markt 1<br>52062 Aachen<\/p>\n\n\n\n<h2 class=\"wp-block-heading\">Kontakt<\/h2>\n\n\n\n<p>Gemeinschaftsgrundschule Oberforstbach<br>Oberforstbacher Stra\u00dfe 332<br>52076 Aachen<br>Tel. +49 (0) 2408 &#8211; 3580<br>Fax. +49 (0) 2408 &#8211; 930957<br>E-Mail: <a href=\"mailto:ggs.oberforstbach@mail.aachen.de\">ggs.oberforstbach@mail.aachen.de<\/a><\/p>\n\n\n\n<h2 class=\"wp-block-heading\">Webmaster<\/h2>\n\n\n\n<p>Alexander Bothmann<br>E-Mail: <a href=\"mailto:alexander.bothmann@ggs-oberforstbach.de\">alexander.bothmann@ggs-oberforstbach.de<\/a><\/p>\n\n\n\n<h2 class=\"wp-block-heading\">Registrierung der Zugriffe<\/h2>\n\n\n\n<p>Bei jedem Zugriff auf Inhalte dieses Internetangebots werden folgende Daten gespeichert.<\/p>\n\n\n\n<ul class=\"wp-block-list\"><li>Name der abgerufenen Datei<\/li><li>Datum und Uhrzeit der Anforderung<\/li><li>\u00dcbertragene Datenmenge<\/li><li>Meldung, ob der Abruf erfolgreich war<\/li><li>Die IP-Adresse des anfordernden Rechners<\/li><li>verwendeter Browser<\/li><li>verwendetes Betriebssystem<\/li><\/ul>\n\n\n\n<h2 class=\"wp-block-heading\">Haftungsausschluss<\/h2>\n\n\n\n<p>Die GGS Oberforstbach ist darum bem\u00fcht auf dieser Website nur vollst\u00e4ndige und richtige Informationen zu ver\u00f6ffentlichen. Eine Haftung oder Garantie f\u00fcr Aktualit\u00e4t, Richtigkeit und Vollst\u00e4ndigkeit der Informationen und Daten besteht ausschlie\u00dflich bei vors\u00e4tzlichem oder grob fahrl\u00e4ssigem pflichtwidrigen Verhalten des Providers. Eine Verantwortung f\u00fcr direkte oder indirekte Sch\u00e4den an Rechtsg\u00fctern von Nutzern, die durch Programmver\u00e4nderung oder -manipulation (insbesondere durch Viren) der Seiten der GGS Oberforstbach oder der Stadt Aachen und der durch Links verbundenen Seiten Dritter entstehen, besteht nicht.<\/p>\n\n\n\n<p>F\u00fcr ausgewiesene Querverweise (Links) zu anderen Sites, auf die der Provider keinen Einfluss hat und f\u00fcr deren Inhalt die GGS Oberforstbach und die Stadt Aachen keine Verantwortung tr\u00e4gt, gilt Folgendes:<\/p>\n\n\n\n<ul class=\"wp-block-list\"><li>Die GGS Oberforstbach und die Stadt Aachen erkl\u00e4rt ausdr\u00fccklich, dass zum Zeitpunkt einer Linksetzung die entsprechenden verlinkten Seiten frei von illegalen Inhalten waren. Der Herausgeber hat keinerlei Einfluss auf die aktuelle und zuk\u00fcnftige Gestaltung und auf die Inhalte der verkn\u00fcpften Seiten. Deshalb distanziert er sich hiermit ausdr\u00fccklich von allen Inhalten aller gelinkten Seiten, die nach der Linksetzung ver\u00e4ndert wurden. Diese Erkl\u00e4rung gilt f\u00fcr alle auf dieser Homepage ausgebrachten Links und f\u00fcr alle Inhalte der Seiten, zu denen Links oder Banner f\u00fchren.<\/li><li>Die Stadt Aachen haftet f\u00fcr fremde Informationen, die sie \u00fcbermittelt oder zu denen sie den Zugang zur Nutzung ermittelt, nur in den F\u00e4llen, in denen sie die \u00dcbermittlung veranlasst, den Adressaten der Informationen selbst ausgew\u00e4hlt oder die \u00fcbermittelten Informationen selbst ausgew\u00e4hlt oder ver\u00e4ndert hat. F\u00fcr Internetseiten Dritter, auf die per Hyperlink verwiesen wird, tragen die jeweiligen Anbieter die Verantwortung.<\/li><\/ul>\n\n\n\n<p>F\u00fcr Informationen Dritter, die die Stadt Aachen f\u00fcr einen Nutzer speichert, haftet diese nur bei ausdr\u00fccklicher Kenntnis von der Rechtswidrigkeit der gespeicherten Handlung oder Information oder bei Kenntnis von Tatsachen oder Umst\u00e4nden, aus denen die rechtswidrige Handlung oder Information offensichtlich wird. Die Haftung entf\u00e4llt ebenfalls, wenn die Stadt Aachen nach Kenntniserlangung von der rechtswidrigen Information die unverz\u00fcgliche Entfernung oder Zugangssperrung veranlasst.<\/p>\n\n\n\n<p>F\u00fcr eine zeitlich begrenzte, automatische Zwischenspeicherung, die allein dem beschleunigten Abruf von Informationen Dritter dient, ist die Stadt Aachen nicht verantwortlich, soweit sie die Informationen nicht ver\u00e4ndert, die Bedingungen f\u00fcr den Informationszugang und die weithin anerkannten und verwendeten Industriestandards f\u00fcr die Regeln der Informationsaktualisierung beachtet, die erlaubte Anwendung von Technologien zur Datensammlung \u00fcber die Nutzung von Informationen, die in weithin anerkannten und verwendeten Industriestandards festgelegt sind, nicht beeintr\u00e4chtigt und unverz\u00fcglich handelt, um die gespeicherten Informationen zu entfernen oder den Zugang zu sperren, sobald sie Kenntnis von einer Entfernung der Informationen am urspr\u00fcnglichen Ausgangsort der \u00dcbertragung aus dem Netz oder ihrer Zugangssperrung oder der gerichtlichen oder verwaltungsbeh\u00f6rdlichen<br>Anordnung der Entfernung oder Sperrung erhalten hat.<\/p>\n\n\n\n<p>Die Stadt Aachen ist nicht verpflichtet, die von ihr \u00fcbermittelten oder gespeicherten Informationen zu \u00fcberwachen oder nach Umst\u00e4nden zu forschen, die auf eine rechtswidrige T\u00e4tigkeit hinweisen.<\/p>\n\n\n\n<p>S\u00e4mtliche Informationen oder Daten, deren Nutzung und die Anmeldung zur Website der Stadt Aachen, sowie s\u00e4mtliches hiermit zusammenh\u00e4ngendes Tun, Dulden oder Unterlassen unterliegen nach dem Herkunftslandprinzip ausschlie\u00dflich deutschem Recht.<\/p>\n\n\n\n<h2 class=\"wp-block-heading\">Rechtswirksamkeit des Haftungsausschlusses<\/h2>\n\n\n\n<p>Sofern Teile oder einzelne Formulierungen dieses Textes der geltenden Rechtslage nicht, nicht mehr oder nicht vollst\u00e4ndig entsprechen sollten, bleiben die \u00fcbrigen Teile des Dokumentes in ihrem Inhalt und ihrer G\u00fcltigkeit davon unber\u00fchrt.<\/p>\n\n\n\n<p>Die Gemeinschaftsgrundschule Oberforstbach ist eine Schule der Stadt Aachen. Der gesetzliche Vertreter ist die Schulleiterin, Frau  Andrea M\u00fcller-M\u00fcschen.<\/p>\n","protected":false},"excerpt":{"rendered":"<p>Impressum Redaktion Inhaltlich und rechtlich verantwortlich gem\u00e4\u00df \u00a7 10 Absatz 3 MDStV: Andrea M\u00fcller-M\u00fcschen, Schulleiterin der Gemeinschaftsgrundschule Oberforstbach Schulleitung SchulleiterinAndrea M\u00fcller-M\u00fcschenOberforstbacher Stra\u00dfe 33252076 AachenAdresse Gemeinschaftsgrundschule OberforstbachOberforstbacher Stra\u00dfe 33252076 AachenDeutschland Schultr\u00e4ger Die Oberb\u00fcrgermeisterinSibylle KeupenMarkt 152062 Aachen Kontakt Gemeinschaftsgrundschule OberforstbachOberforstbacher Stra\u00dfe 33252076 AachenTel. +49 (0) 2408 &#8211; 3580Fax. +49 (0) 2408 &#8211; 930957E-Mail: ggs.oberforstbach@mail.aachen.de Webmaster Alexander BothmannE-Mail: [&hellip;]<\/p>\n","protected":false},"author":1,"featured_media":0,"parent":0,"menu_order":0,"comment_status":"closed","ping_status":"closed","template":"","meta":{"footnotes":""},"class_list":["post-29","page","type-page","status-publish","hentry","entry"],"_links":{"self":[{"href":"https:\/\/www.ggs-oberforstbach.de\/index.php\/wp-json\/wp\/v2\/pages\/29","targetHints":{"allow":["GET"]}}],"collection":[{"href":"https:\/\/www.ggs-oberforstbach.de\/index.php\/wp-json\/wp\/v2\/pages"}],"about":[{"href":"https:\/\/www.ggs-oberforstbach.de\/index.php\/wp-json\/wp\/v2\/types\/page"}],"author":[{"embeddable":true,"href":"https:\/\/www.ggs-oberforstbach.de\/index.php\/wp-json\/wp\/v2\/users\/1"}],"replies":[{"embeddable":true,"href":"https:\/\/www.ggs-oberforstbach.de\/index.php\/wp-json\/wp\/v2\/comments?post=29"}],"version-history":[{"count":6,"href":"https:\/\/www.ggs-oberforstbach.de\/index.php\/wp-json\/wp\/v2\/pages\/29\/revisions"}],"predecessor-version":[{"id":2109,"href":"https:\/\/www.ggs-oberforstbach.de\/index.php\/wp-json\/wp\/v2\/pages\/29\/revisions\/2109"}],"wp:attachment":[{"href":"https:\/\/www.ggs-oberforstbach.de\/index.php\/wp-json\/wp\/v2\/media?parent=29"}],"curies":[{"name":"wp","href":"https:\/\/api.w.org\/{rel}","templated":true}]}}