{"id":562,"date":"2020-09-05T19:34:37","date_gmt":"2020-09-05T19:34:37","guid":{"rendered":"http:\/\/wordpress.a-bothmann.de\/?page_id=562"},"modified":"2025-11-14T17:58:20","modified_gmt":"2025-11-14T17:58:20","slug":"schulsozialarbeit","status":"publish","type":"page","link":"https:\/\/www.ggs-oberforstbach.de\/index.php\/schulsozialarbeit\/","title":{"rendered":"Schulsozialarbeit"},"content":{"rendered":"\n<div class=\"wp-block-columns is-layout-flex wp-container-core-columns-is-layout-9d6595d7 wp-block-columns-is-layout-flex\">\n<div class=\"wp-block-column is-layout-flow wp-block-column-is-layout-flow\" style=\"flex-basis:33.33%\"><\/div>\n\n\n\n<div class=\"wp-block-column is-layout-flow wp-block-column-is-layout-flow\" style=\"flex-basis:66.66%\">\n<h1 class=\"wp-block-heading\">Schulsozialarbeiterin<\/h1>\n\n\n\n<h3 class=\"wp-block-heading\">Frau Helena Gier<\/h3>\n\n\n\n<p>Tel +49 2408 9379818<br><a href=\"mailto:vonne.kutscher@mail.aachen.de\" data-type=\"mailto\" data-id=\"mailto:vonne.kutscher@mail.aachen.de\">helena.gier@mail.aachen.de<\/a><\/p>\n\n\n\n<p>Die Schulsozialarbeiterin unterst\u00fctzt unsere Arbeit mit den Kindern. Als Mitarbeiterin der Stadt Aachen verf\u00fcgt sie an unserer Schule \u00fcber eine halbe Stelle.<\/p>\n\n\n\n<p><strong>Sie ist in erster Linie Ansprechpartnerin f\u00fcr Ihre Kinder, steht jedoch auch Ihnen als Eltern sowie den Lehrerinnen und OGS-Mitarbeiterinnen unterst\u00fctzend zur Seite.<\/strong><\/p>\n\n\n\n<p>Die Angebote der Schulsozialarbeit k\u00f6nnen freiwillig in Anspruch genommen werden und unterliegen, sofern nicht anders gew\u00fcnscht, der Schweigepflicht. Das B\u00fcro der Schulsozialarbeiterin befindet sich auf der ersten Etage links. In der Regel ist sie dienstags, mittwochs, donnerstags und freitags in unserer Schule anwesend. Zur Terminvereinbarung k\u00f6nnen Sie gerne Kontakt mit ihr aufnehmen.<\/p>\n\n\n\n<p><\/p>\n\n\n\n<p>F\u00fcr <em>die Kinder<\/em> ist sie Ansprechpartnerin bei :<\/p>\n\n\n\n<p>\u27a2 Problemen und Sorgen<\/p>\n\n\n\n<p>\u27a2 Konflikten<\/p>\n\n\n\n<p>\u27a2 Schwierigkeiten in der Schule<\/p>\n\n\n\n<p>Die <em>Eltern<\/em> kann sie unterst\u00fctzen in :<\/p>\n\n\n\n<p>\u27a2 Erziehungsfragen<\/p>\n\n\n\n<p>\u27a2 der allgemeinen Beratung<\/p>\n\n\n\n<p>\u27a2 der Beratung zum Bildungs- und Teilhabepaket<\/p>\n\n\n\n<p>\u27a2 akuten Krisen<\/p>\n\n\n\n<p>\u27a2 der Vermittlung von geeigneten Hilfsangeboten<\/p>\n\n\n\n<p>Die F\u00f6rderung von sozialen Kompetenzen ist ein Schwerpunkt in ihrer<br>Arbeit mit einzelnen Kindern und Gruppen.<\/p>\n\n\n\n<p>Die Kinder k\u00f6nnen ihre Kommunikations- und Kooperationsf\u00e4higkeit<br>spielerisch und durch R\u00fcckmeldungen und gemeinsame Reflektionen<br>weiterentwickeln.<\/p>\n\n\n\n<p>Sie haben Fragen? Dann melden Sie sich gerne:<\/p>\n\n\n\n<p><\/p>\n\n\n\n<p><\/p>\n\n\n\n<p><\/p>\n\n\n\n<p><\/p>\n<\/div>\n<\/div>\n","protected":false},"excerpt":{"rendered":"<p>Schulsozialarbeiterin Frau Helena Gier Tel +49 2408 9379818helena.gier@mail.aachen.de Die Schulsozialarbeiterin unterst\u00fctzt unsere Arbeit mit den Kindern. Als Mitarbeiterin der Stadt Aachen verf\u00fcgt sie an unserer Schule \u00fcber eine halbe Stelle. Sie ist in erster Linie Ansprechpartnerin f\u00fcr Ihre Kinder, steht jedoch auch Ihnen als Eltern sowie den Lehrerinnen und OGS-Mitarbeiterinnen unterst\u00fctzend zur Seite. Die Angebote [&hellip;]<\/p>\n","protected":false},"author":1,"featured_media":0,"parent":0,"menu_order":0,"comment_status":"closed","ping_status":"closed","template":"","meta":{"footnotes":""},"class_list":["post-562","page","type-page","status-publish","hentry","entry"],"_links":{"self":[{"href":"https:\/\/www.ggs-oberforstbach.de\/index.php\/wp-json\/wp\/v2\/pages\/562","targetHints":{"allow":["GET"]}}],"collection":[{"href":"https:\/\/www.ggs-oberforstbach.de\/index.php\/wp-json\/wp\/v2\/pages"}],"about":[{"href":"https:\/\/www.ggs-oberforstbach.de\/index.php\/wp-json\/wp\/v2\/types\/page"}],"author":[{"embeddable":true,"href":"https:\/\/www.ggs-oberforstbach.de\/index.php\/wp-json\/wp\/v2\/users\/1"}],"replies":[{"embeddable":true,"href":"https:\/\/www.ggs-oberforstbach.de\/index.php\/wp-json\/wp\/v2\/comments?post=562"}],"version-history":[{"count":10,"href":"https:\/\/www.ggs-oberforstbach.de\/index.php\/wp-json\/wp\/v2\/pages\/562\/revisions"}],"predecessor-version":[{"id":2681,"href":"https:\/\/www.ggs-oberforstbach.de\/index.php\/wp-json\/wp\/v2\/pages\/562\/revisions\/2681"}],"wp:attachment":[{"href":"https:\/\/www.ggs-oberforstbach.de\/index.php\/wp-json\/wp\/v2\/media?parent=562"}],"curies":[{"name":"wp","href":"https:\/\/api.w.org\/{rel}","templated":true}]}}