{"id":564,"date":"2020-09-05T19:35:38","date_gmt":"2020-09-05T19:35:38","guid":{"rendered":"http:\/\/wordpress.a-bothmann.de\/?page_id=564"},"modified":"2025-11-14T18:02:56","modified_gmt":"2025-11-14T18:02:56","slug":"sekretariat","status":"publish","type":"page","link":"https:\/\/www.ggs-oberforstbach.de\/index.php\/sekretariat\/","title":{"rendered":"Sekretariat"},"content":{"rendered":"\n<div class=\"wp-block-columns is-layout-flex wp-container-core-columns-is-layout-9d6595d7 wp-block-columns-is-layout-flex\">\n<div class=\"wp-block-column is-layout-flow wp-block-column-is-layout-flow\" style=\"flex-basis:33.33%\"><\/div>\n\n\n\n<div class=\"wp-block-column is-layout-flow wp-block-column-is-layout-flow\" style=\"flex-basis:66.66%\">\n<h1 class=\"wp-block-heading\">Sekretariat<\/h1>\n\n\n\n<h3 class=\"wp-block-heading\">Frau Christine Helfer<\/h3>\n\n\n\n<p>Tel +49 2408 3580<br>Fax +49 2408 930957<br><strong><span class=\"has-inline-color has-vivid-cyan-blue-color\"><a href=\"mailto:alice.aiello-jentgens@mail.aachen.de\">ggs.oberforstbach@mail.aachen.de<\/a><\/span><\/strong><\/p>\n\n\n\n<p>Montag bis Freitag: 7:30 Uhr &#8211; 13:00 Uhr<\/p>\n\n\n\n<p><\/p>\n\n\n\n<p><\/p>\n\n\n\n<p><\/p>\n\n\n\n<p>Unsere Sekret\u00e4rin Frau Helfer hilft Ihnen gerne bei allen Formalit\u00e4ten, wie z.B. An- und Abmeldungen und Fahrkostenantr\u00e4gen.<\/p>\n\n\n\n<p>Sollte sich an Ihren und den pers\u00f6nlichen Daten Ihres Kindes etwas \u00e4ndern (Adresse, Telefonnummer, usw.), so bitten wir Sie, dies unverz\u00fcglich mitzuteilen.<\/p>\n<\/div>\n<\/div>\n","protected":false},"excerpt":{"rendered":"<p>Sekretariat Frau Christine Helfer Tel +49 2408 3580Fax +49 2408 930957ggs.oberforstbach@mail.aachen.de Montag bis Freitag: 7:30 Uhr &#8211; 13:00 Uhr Unsere Sekret\u00e4rin Frau Helfer hilft Ihnen gerne bei allen Formalit\u00e4ten, wie z.B. An- und Abmeldungen und Fahrkostenantr\u00e4gen. Sollte sich an Ihren und den pers\u00f6nlichen Daten Ihres Kindes etwas \u00e4ndern (Adresse, Telefonnummer, usw.), so bitten wir Sie, [&hellip;]<\/p>\n","protected":false},"author":1,"featured_media":0,"parent":0,"menu_order":0,"comment_status":"closed","ping_status":"closed","template":"","meta":{"footnotes":""},"class_list":["post-564","page","type-page","status-publish","hentry","entry"],"_links":{"self":[{"href":"https:\/\/www.ggs-oberforstbach.de\/index.php\/wp-json\/wp\/v2\/pages\/564","targetHints":{"allow":["GET"]}}],"collection":[{"href":"https:\/\/www.ggs-oberforstbach.de\/index.php\/wp-json\/wp\/v2\/pages"}],"about":[{"href":"https:\/\/www.ggs-oberforstbach.de\/index.php\/wp-json\/wp\/v2\/types\/page"}],"author":[{"embeddable":true,"href":"https:\/\/www.ggs-oberforstbach.de\/index.php\/wp-json\/wp\/v2\/users\/1"}],"replies":[{"embeddable":true,"href":"https:\/\/www.ggs-oberforstbach.de\/index.php\/wp-json\/wp\/v2\/comments?post=564"}],"version-history":[{"count":4,"href":"https:\/\/www.ggs-oberforstbach.de\/index.php\/wp-json\/wp\/v2\/pages\/564\/revisions"}],"predecessor-version":[{"id":2683,"href":"https:\/\/www.ggs-oberforstbach.de\/index.php\/wp-json\/wp\/v2\/pages\/564\/revisions\/2683"}],"wp:attachment":[{"href":"https:\/\/www.ggs-oberforstbach.de\/index.php\/wp-json\/wp\/v2\/media?parent=564"}],"curies":[{"name":"wp","href":"https:\/\/api.w.org\/{rel}","templated":true}]}}