{"id":566,"date":"2020-09-05T19:35:55","date_gmt":"2020-09-05T19:35:55","guid":{"rendered":"http:\/\/wordpress.a-bothmann.de\/?page_id=566"},"modified":"2024-06-25T16:55:55","modified_gmt":"2024-06-25T16:55:55","slug":"hausmeister","status":"publish","type":"page","link":"https:\/\/www.ggs-oberforstbach.de\/index.php\/hausmeister\/","title":{"rendered":"Hausmeister"},"content":{"rendered":"\n<div class=\"wp-block-columns is-layout-flex wp-container-core-columns-is-layout-9d6595d7 wp-block-columns-is-layout-flex\">\n<div class=\"wp-block-column is-layout-flow wp-block-column-is-layout-flow\" style=\"flex-basis:33.33%\">\n<figure class=\"wp-block-image size-large\"><img loading=\"lazy\" decoding=\"async\" width=\"1024\" height=\"807\" src=\"https:\/\/www.ggs-oberforstbach.de\/wp-content\/uploads\/2024\/06\/Daniel-Dinu-1024x807.jpg\" alt=\"\" class=\"wp-image-2633\" srcset=\"https:\/\/www.ggs-oberforstbach.de\/wp-content\/uploads\/2024\/06\/Daniel-Dinu-1024x807.jpg 1024w, https:\/\/www.ggs-oberforstbach.de\/wp-content\/uploads\/2024\/06\/Daniel-Dinu-300x237.jpg 300w, https:\/\/www.ggs-oberforstbach.de\/wp-content\/uploads\/2024\/06\/Daniel-Dinu-768x606.jpg 768w, https:\/\/www.ggs-oberforstbach.de\/wp-content\/uploads\/2024\/06\/Daniel-Dinu-1536x1211.jpg 1536w, https:\/\/www.ggs-oberforstbach.de\/wp-content\/uploads\/2024\/06\/Daniel-Dinu.jpg 1854w\" sizes=\"auto, (max-width: 1024px) 100vw, 1024px\" \/><\/figure>\n<\/div>\n\n\n\n<div class=\"wp-block-column is-layout-flow wp-block-column-is-layout-flow\" style=\"flex-basis:66.66%\">\n<h1 class=\"wp-block-heading\">Hausmeister<\/h1>\n\n\n\n<h3 class=\"wp-block-heading\">Herr Daniel Dinu<\/h3>\n\n\n\n<p>+49 151 57142072<br>daniel.dinu@mail.aachen.de<\/p>\n\n\n\n<p>Mo 6:00 &#8211; 16:30 Uhr<br>Di 6:00 &#8211; 16:30 Uhr<br>Mi 6:00 &#8211; 16:30 Uhr<br>Do 6:00 &#8211; 16:30 Uhr<br>Fr 6:00 &#8211; 15:30 Uhr<\/p>\n\n\n\n<p>Unser Hausmeister Herr Dinu ist f\u00fcr die Arbeiten rund ums Schulhaus und Schulgel\u00e4nde zust\u00e4ndig.<\/p>\n\n\n\n<p><\/p>\n<\/div>\n<\/div>\n\n\n\n<p><\/p>\n","protected":false},"excerpt":{"rendered":"<p>Hausmeister Herr Daniel Dinu +49 151 57142072daniel.dinu@mail.aachen.de Mo 6:00 &#8211; 16:30 UhrDi 6:00 &#8211; 16:30 UhrMi 6:00 &#8211; 16:30 UhrDo 6:00 &#8211; 16:30 UhrFr 6:00 &#8211; 15:30 Uhr Unser Hausmeister Herr Dinu ist f\u00fcr die Arbeiten rund ums Schulhaus und Schulgel\u00e4nde zust\u00e4ndig.<\/p>\n","protected":false},"author":1,"featured_media":0,"parent":0,"menu_order":0,"comment_status":"closed","ping_status":"closed","template":"","meta":{"footnotes":""},"class_list":["post-566","page","type-page","status-publish","hentry","entry"],"_links":{"self":[{"href":"https:\/\/www.ggs-oberforstbach.de\/index.php\/wp-json\/wp\/v2\/pages\/566","targetHints":{"allow":["GET"]}}],"collection":[{"href":"https:\/\/www.ggs-oberforstbach.de\/index.php\/wp-json\/wp\/v2\/pages"}],"about":[{"href":"https:\/\/www.ggs-oberforstbach.de\/index.php\/wp-json\/wp\/v2\/types\/page"}],"author":[{"embeddable":true,"href":"https:\/\/www.ggs-oberforstbach.de\/index.php\/wp-json\/wp\/v2\/users\/1"}],"replies":[{"embeddable":true,"href":"https:\/\/www.ggs-oberforstbach.de\/index.php\/wp-json\/wp\/v2\/comments?post=566"}],"version-history":[{"count":2,"href":"https:\/\/www.ggs-oberforstbach.de\/index.php\/wp-json\/wp\/v2\/pages\/566\/revisions"}],"predecessor-version":[{"id":2634,"href":"https:\/\/www.ggs-oberforstbach.de\/index.php\/wp-json\/wp\/v2\/pages\/566\/revisions\/2634"}],"wp:attachment":[{"href":"https:\/\/www.ggs-oberforstbach.de\/index.php\/wp-json\/wp\/v2\/media?parent=566"}],"curies":[{"name":"wp","href":"https:\/\/api.w.org\/{rel}","templated":true}]}}