{"id":62,"date":"2020-09-01T17:48:54","date_gmt":"2020-09-01T17:48:54","guid":{"rendered":"http:\/\/wordpress.a-bothmann.de\/?page_id=62"},"modified":"2025-09-08T20:21:16","modified_gmt":"2025-09-08T20:21:16","slug":"schulneulinge","status":"publish","type":"page","link":"https:\/\/www.ggs-oberforstbach.de\/index.php\/schulneulinge\/","title":{"rendered":"Schulneulinge"},"content":{"rendered":"\n<p id=\"block-d08e86d0-c8c5-40e5-811b-2eeb451366b9\"><\/p>\n\n\n\n<p class=\"has-text-align-center has-black-color has-text-color\" id=\"block-de5c5e7b-4123-4fbe-a154-36c0fea379aa\" style=\"font-size:33px\"><strong>Die Grundschule Oberforstbach<\/strong><\/p>\n\n\n\n<p class=\"has-text-align-center has-black-color has-text-color\" id=\"block-51918755-56ac-4b48-b917-c4b83c2d13e2\" style=\"font-size:25px\"><strong>l\u00e4dt ein<\/strong><\/p>\n\n\n\n<p class=\"has-text-align-center has-black-color has-text-color\" id=\"block-b35d44ab-cde6-4346-bf4d-2f82acc5be75\" style=\"font-size:25px\"><strong>zum<\/strong><\/p>\n\n\n\n<p class=\"has-text-align-center has-black-color has-text-color\" id=\"block-1606407d-4395-4594-9c76-3a1561b6c0ef\" style=\"font-size:33px\"><strong>Tag der offenen T\u00fcr<\/strong><\/p>\n\n\n\n<figure class=\"wp-block-image\" id=\"block-a63ebd67-9dc3-4b56-a3dd-a62897e4414c\"><img decoding=\"async\" src=\"https:\/\/www.ggs-oberforstbach.de\/wp-content\/uploads\/2021\/09\/SchuleGGSOberforstbach.png\" alt=\"Dieses Bild hat ein leeres Alt-Attribut. Der Dateiname ist SchuleGGSOberforstbach.png\"\/><\/figure>\n\n\n\n<p class=\"has-text-align-center has-black-color has-text-color\" id=\"block-a5bbc949-f636-460a-bc3e-440e62c9ef12\" style=\"font-size:33px\"><strong>am Samstag, den 20.09.2025<\/strong><\/p>\n\n\n\n<p class=\"has-text-align-center has-black-color has-text-color\" id=\"block-09f177cf-3a79-44c5-92d0-de10e2992276\" style=\"font-size:33px\"><strong>von 8.30 \u2013 10.00 Uhr<\/strong><\/p>\n\n\n\n<p class=\"has-black-color has-text-color\" id=\"block-1eb7fad3-6d2c-42ad-a942-8d793621860a\">Die Familien der Vorschulkinder haben an diesem Tag die M\u00f6glichkeit, sich unsere sch\u00f6ne Schule anzusehen. Kommen Sie in ruhiger Atmosph\u00e4re mit uns ins Gespr\u00e4ch &#8211; wir freuen uns auf Sie und Ihre Kinder!<\/p>\n\n\n\n<p class=\"has-black-color has-text-color\" id=\"block-be9a34a1-3426-4453-a9d1-1deb45c2ed3d\">Informationsangebote zu: Deutsch und Mathematik in der Schuleingangsphase, Schulfach GL\u00dcCK, Aachener Modell, Naturschulhof, Streitschlichter, Arbeit mit dem iPad, Informationsfilm, F\u00fchrungen durch die Klassenr\u00e4ume, etc.<\/p>\n\n\n\n<p class=\"has-black-color has-text-color\" id=\"block-c811a3e0-290e-4d8e-ac95-2700428986cd\">\ufeff<\/p>\n\n\n\n<p class=\"has-black-color has-text-color\" id=\"block-b498f597-3b25-49d2-99bf-849acb49214c\"><br>Die Grundschule Oberforstbach ist die zust\u00e4ndige Gemeinschaftsgrundschule f\u00fcr die Bereiche Kornelim\u00fcnster, Schleckheim, N\u00fctheim, Oberforstbach, Niederforstbach, Lichtenbusch, Teile von Sief und Gr\u00fcne Eiche.<\/p>\n\n\n\n<p class=\"has-black-color has-text-color\" id=\"block-9e26b2d0-1608-4eb3-a678-5a992a459b5e\">\ufeff<\/p>\n\n\n\n<p id=\"block-e4aeebbf-cd79-431b-9e0a-c98e84e8b976\">\ufeff<\/p>\n","protected":false},"excerpt":{"rendered":"<p>Die Grundschule Oberforstbach l\u00e4dt ein zum Tag der offenen T\u00fcr am Samstag, den 20.09.2025 von 8.30 \u2013 10.00 Uhr Die Familien der Vorschulkinder haben an diesem Tag die M\u00f6glichkeit, sich unsere sch\u00f6ne Schule anzusehen. Kommen Sie in ruhiger Atmosph\u00e4re mit uns ins Gespr\u00e4ch &#8211; wir freuen uns auf Sie und Ihre Kinder! Informationsangebote zu: Deutsch [&hellip;]<\/p>\n","protected":false},"author":1,"featured_media":0,"parent":0,"menu_order":0,"comment_status":"closed","ping_status":"closed","template":"","meta":{"footnotes":""},"class_list":["post-62","page","type-page","status-publish","hentry","entry"],"_links":{"self":[{"href":"https:\/\/www.ggs-oberforstbach.de\/index.php\/wp-json\/wp\/v2\/pages\/62","targetHints":{"allow":["GET"]}}],"collection":[{"href":"https:\/\/www.ggs-oberforstbach.de\/index.php\/wp-json\/wp\/v2\/pages"}],"about":[{"href":"https:\/\/www.ggs-oberforstbach.de\/index.php\/wp-json\/wp\/v2\/types\/page"}],"author":[{"embeddable":true,"href":"https:\/\/www.ggs-oberforstbach.de\/index.php\/wp-json\/wp\/v2\/users\/1"}],"replies":[{"embeddable":true,"href":"https:\/\/www.ggs-oberforstbach.de\/index.php\/wp-json\/wp\/v2\/comments?post=62"}],"version-history":[{"count":9,"href":"https:\/\/www.ggs-oberforstbach.de\/index.php\/wp-json\/wp\/v2\/pages\/62\/revisions"}],"predecessor-version":[{"id":2659,"href":"https:\/\/www.ggs-oberforstbach.de\/index.php\/wp-json\/wp\/v2\/pages\/62\/revisions\/2659"}],"wp:attachment":[{"href":"https:\/\/www.ggs-oberforstbach.de\/index.php\/wp-json\/wp\/v2\/media?parent=62"}],"curies":[{"name":"wp","href":"https:\/\/api.w.org\/{rel}","templated":true}]}}