{"id":73,"date":"2020-09-01T17:52:32","date_gmt":"2020-09-01T17:52:32","guid":{"rendered":"http:\/\/wordpress.a-bothmann.de\/?page_id=73"},"modified":"2025-12-10T18:20:47","modified_gmt":"2025-12-10T18:20:47","slug":"schulprojekte","status":"publish","type":"page","link":"https:\/\/www.ggs-oberforstbach.de\/index.php\/schulprojekte\/","title":{"rendered":"Schulprojekte"},"content":{"rendered":"\n<h1 class=\"wp-block-heading\">Unsere Schulprojekte<\/h1>\n\n\n\n<p>Die Projekte unserer Schule haben das Ziel, das Lernen aller Menschen dieser Schule mit Freude und positiven Erlebnissen zu verbinden. Im Sinne von Gerald H\u00fcther m\u00f6chten wir eine Potentialentfaltungskultur leben.<\/p>\n\n\n\n<p>Entsprechend dem Leitgedanken der GGS Oberforstbach <strong> Miteinander nachhaltig leben und lernen<\/strong> ist das Schulleben und das schulische Engagement gepr\u00e4gt durch Aktivit\u00e4ten, Projekte und Initiativen, die<\/p>\n\n\n\n<ul class=\"wp-block-list\">\n<li><strong>den lebenswerten Erhalt der Umwelt<\/strong><\/li>\n\n\n\n<li><strong>das Engagement f\u00fcr bed\u00fcrftige Menschen in der n\u00e4heren und weiteren Umgebung<\/strong><\/li>\n\n\n\n<li><strong>die Sorge um das pers\u00f6nliche Wohlbefinden der Menschen in der Schulgemeinschaft<\/strong><\/li>\n<\/ul>\n\n\n\n<p>in den Mittelpunkt stellen.<\/p>\n\n\n\n<p><\/p>\n","protected":false},"excerpt":{"rendered":"<p>Unsere Schulprojekte Die Projekte unserer Schule haben das Ziel, das Lernen aller Menschen dieser Schule mit Freude und positiven Erlebnissen zu verbinden. Im Sinne von Gerald H\u00fcther m\u00f6chten wir eine Potentialentfaltungskultur leben. Entsprechend dem Leitgedanken der GGS Oberforstbach Miteinander nachhaltig leben und lernen ist das Schulleben und das schulische Engagement gepr\u00e4gt durch Aktivit\u00e4ten, Projekte und [&hellip;]<\/p>\n","protected":false},"author":1,"featured_media":0,"parent":0,"menu_order":0,"comment_status":"closed","ping_status":"closed","template":"","meta":{"footnotes":""},"class_list":["post-73","page","type-page","status-publish","hentry","entry"],"_links":{"self":[{"href":"https:\/\/www.ggs-oberforstbach.de\/index.php\/wp-json\/wp\/v2\/pages\/73","targetHints":{"allow":["GET"]}}],"collection":[{"href":"https:\/\/www.ggs-oberforstbach.de\/index.php\/wp-json\/wp\/v2\/pages"}],"about":[{"href":"https:\/\/www.ggs-oberforstbach.de\/index.php\/wp-json\/wp\/v2\/types\/page"}],"author":[{"embeddable":true,"href":"https:\/\/www.ggs-oberforstbach.de\/index.php\/wp-json\/wp\/v2\/users\/1"}],"replies":[{"embeddable":true,"href":"https:\/\/www.ggs-oberforstbach.de\/index.php\/wp-json\/wp\/v2\/comments?post=73"}],"version-history":[{"count":5,"href":"https:\/\/www.ggs-oberforstbach.de\/index.php\/wp-json\/wp\/v2\/pages\/73\/revisions"}],"predecessor-version":[{"id":2733,"href":"https:\/\/www.ggs-oberforstbach.de\/index.php\/wp-json\/wp\/v2\/pages\/73\/revisions\/2733"}],"wp:attachment":[{"href":"https:\/\/www.ggs-oberforstbach.de\/index.php\/wp-json\/wp\/v2\/media?parent=73"}],"curies":[{"name":"wp","href":"https:\/\/api.w.org\/{rel}","templated":true}]}}