{"id":777,"date":"2020-09-20T19:39:52","date_gmt":"2020-09-20T19:39:52","guid":{"rendered":"http:\/\/wordpress.a-bothmann.de\/?page_id=777"},"modified":"2025-12-02T08:05:48","modified_gmt":"2025-12-02T08:05:48","slug":"leben-und-lernen-in-der-ogs","status":"publish","type":"page","link":"https:\/\/www.ggs-oberforstbach.de\/index.php\/leben-und-lernen-in-der-ogs\/","title":{"rendered":"Leben und Lernen in der OGS"},"content":{"rendered":"\n<h1 class=\"wp-block-heading\">Gemeinsam Leben und Lernen <\/h1>\n\n\n\n<p>Der im Schulprofil der GGS Oberforstbach verankerte Leitgedanke &#8218;Miteinander leben und lernen im Sinne einer nachhaltigen Entwicklung&#8216;, stellt die Grundlage unserer p\u00e4dagogischen Arbeit im Nachmittag dar. Wir unterst\u00fctzen die Eltern, dass die uns anvertrauten Kinder zu selbstbewussten, verantwortungsvollen und sich sozial verhaltenden Pers\u00f6nlichkeiten heranreifen k\u00f6nnen. Dabei ist es wichtig, dass neben feststehenden Lernzeiten den Kindern Raum gegeben wird, ihre Fantasie und Kreativit\u00e4t auszuleben und sie dadurch in ihrer Pers\u00f6nlichkeit und sozial-emotionalen Entwicklung zu st\u00e4rken.<\/p>\n\n\n\n<p>Die Konzepte des Schulprogramms zum friedvollen Miteinander, zur Bewegung, Entspannung und Gewaltpr\u00e4vention sowie zur Bildung eines Umweltbewusstseins werden im Freispiel und in den verschiedenen Kursangeboten der OGS mit einbezogen und vielf\u00e4ltig thematisiert.<\/p>\n\n\n\n<div data-wp-interactive=\"core\/file\" class=\"wp-block-file\"><object data-wp-bind--hidden=\"!state.hasPdfPreview\" hidden class=\"wp-block-file__embed\" data=\"https:\/\/www.ggs-oberforstbach.de\/wp-content\/uploads\/2021\/08\/OGS-Standards-IN-VIA.pdf\" type=\"application\/pdf\" style=\"width:100%;height:600px\" aria-label=\"Einbettung von OGS-Standards IN VIA.\"><\/object><a href=\"https:\/\/www.ggs-oberforstbach.de\/wp-content\/uploads\/2021\/08\/OGS-Standards-IN-VIA.pdf\">OGS-Standards IN VIA<\/a><a href=\"https:\/\/www.ggs-oberforstbach.de\/wp-content\/uploads\/2021\/08\/OGS-Standards-IN-VIA.pdf\" class=\"wp-block-file__button wp-element-button\" download>Herunterladen<\/a><\/div>\n\n\n\n<div class=\"wp-block-columns is-layout-flex wp-container-core-columns-is-layout-9d6595d7 wp-block-columns-is-layout-flex\">\n<div class=\"wp-block-column is-layout-flow wp-block-column-is-layout-flow\" style=\"flex-basis:100%\">\n<div class=\"wp-block-group\"><div class=\"wp-block-group__inner-container is-layout-flow wp-block-group-is-layout-flow\"><\/div><\/div>\n<\/div>\n<\/div>\n\n\n\n<p><\/p>\n","protected":false},"excerpt":{"rendered":"<p>Gemeinsam Leben und Lernen Der im Schulprofil der GGS Oberforstbach verankerte Leitgedanke &#8218;Miteinander leben und lernen im Sinne einer nachhaltigen Entwicklung&#8216;, stellt die Grundlage unserer p\u00e4dagogischen Arbeit im Nachmittag dar. Wir unterst\u00fctzen die Eltern, dass die uns anvertrauten Kinder zu selbstbewussten, verantwortungsvollen und sich sozial verhaltenden Pers\u00f6nlichkeiten heranreifen k\u00f6nnen. Dabei ist es wichtig, dass neben [&hellip;]<\/p>\n","protected":false},"author":5,"featured_media":0,"parent":0,"menu_order":0,"comment_status":"closed","ping_status":"closed","template":"","meta":{"footnotes":""},"class_list":["post-777","page","type-page","status-publish","hentry","entry"],"_links":{"self":[{"href":"https:\/\/www.ggs-oberforstbach.de\/index.php\/wp-json\/wp\/v2\/pages\/777","targetHints":{"allow":["GET"]}}],"collection":[{"href":"https:\/\/www.ggs-oberforstbach.de\/index.php\/wp-json\/wp\/v2\/pages"}],"about":[{"href":"https:\/\/www.ggs-oberforstbach.de\/index.php\/wp-json\/wp\/v2\/types\/page"}],"author":[{"embeddable":true,"href":"https:\/\/www.ggs-oberforstbach.de\/index.php\/wp-json\/wp\/v2\/users\/5"}],"replies":[{"embeddable":true,"href":"https:\/\/www.ggs-oberforstbach.de\/index.php\/wp-json\/wp\/v2\/comments?post=777"}],"version-history":[{"count":16,"href":"https:\/\/www.ggs-oberforstbach.de\/index.php\/wp-json\/wp\/v2\/pages\/777\/revisions"}],"predecessor-version":[{"id":2697,"href":"https:\/\/www.ggs-oberforstbach.de\/index.php\/wp-json\/wp\/v2\/pages\/777\/revisions\/2697"}],"wp:attachment":[{"href":"https:\/\/www.ggs-oberforstbach.de\/index.php\/wp-json\/wp\/v2\/media?parent=777"}],"curies":[{"name":"wp","href":"https:\/\/api.w.org\/{rel}","templated":true}]}}